{"id":2619,"date":"2025-01-20T11:02:32","date_gmt":"2025-01-20T11:02:32","guid":{"rendered":"https:\/\/cristalresortzanzibar.com\/condizioni-di-prenotazione\/"},"modified":"2025-02-26T10:47:52","modified_gmt":"2025-02-26T10:47:52","slug":"condizioni-di-prenotazione","status":"publish","type":"page","link":"https:\/\/cristalresortzanzibar.com\/it\/condizioni-di-prenotazione\/","title":{"rendered":"CONDIZIONI DI PRENOTAZIONE"},"content":{"rendered":"\n<p>Attraverso il nostro servizio di prenotazione on-line, stai contrattando una prenotazione di alloggio turistico, servizio soggetto alle seguenti condizioni:<br\/>Le presenti Condizioni Generali stabiliscono, insieme agli altri termini e condizioni, il quadro giuridico che regoler\u00e0 la contrattazione dei servizi consistenti nella fornitura di servizi di alloggio alberghiero, effettuata attraverso il sito web cristalresortzanzibar.com. Questo sito web appartiene a Zanpro Investment Limited, NIF\/Numero di registrazione: Z0000013848, &#8211; &#8211; &#8211; , Telefono: +34 647101134. . Email: info@cristalresortzanzibar.com. <br\/>Lo scopo delle presenti condizioni contrattuali \u00e8 quello di regolare i termini contrattuali per la contrattazione\/prenotazione dei servizi offerti dalla societ\u00e0 attraverso il sito web, e il corrispondente corrispettivo economico e\/o pagamento che il Cliente deve effettuare alla Societ\u00e0.<br\/>La societ\u00e0 mette a disposizione del destinatario, prima di avviare la procedura di contrattazione e mediante tecniche adeguate al mezzo di comunicazione utilizzato, in modo permanente, facile e gratuito, informazioni chiare, comprensibili e inequivocabili sui seguenti punti:   <\/p>\n\n<p>A) Le diverse procedure da seguire per accettare i presenti termini e condizioni generali.<br\/>B) Archiviazione elettronica delle presenti condizioni generali di contratto, accessibile in qualsiasi momento.<br\/>C) L&#8217;azienda mette a disposizione del cliente strumenti tecnici per identificare e correggere gli errori.<br\/>D) La lingua in cui sono formalizzate queste condizioni generali di contratto \u00e8 lo spagnolo.<br\/>E) Prima dell&#8217;inizio della procedura di contrattazione, l&#8217;azienda mette a disposizione del cliente le condizioni generali in modo che possano essere memorizzate e riprodotte dal cliente.<br\/>F) Allo stesso modo, la contrattazione on-line dei servizi offerti dalla societ\u00e0 attraverso questo sito web sar\u00e0 soggetta alle disposizioni della nota legale e\/o dell&#8217;avviso legale del sito web.<\/p>\n\n<p>G) Le presenti Condizioni Generali sono state redatte in conformit\u00e0 con le disposizioni della Legge 34\/2002, relativa ai servizi della societ\u00e0 dell&#8217;informazione e al commercio elettronico; la Legge 7\/1998 sulle Condizioni Generali di Contratto, Regio Decreto 1906\/1999, che regolamenta la contrattazione telefonica o elettronica con condizioni generali di sviluppo dell&#8217;articolo 5. 3 della Legge 7\/1998; il Regio Decreto Legislativo 1\/2007, del 16 novembre, che approva il testo rivisto della Legge Generale per la Difesa dei Consumatori e degli Utenti e di altre leggi complementari; le presenti Condizioni Generali sono state redatte in conformit\u00e0 con le disposizioni della Legge 34\/2002, sui servizi della societ\u00e0 dell&#8217;informazione e sul commercio elettronico; la Legge 7\/1998 sulle Condizioni Generali di Contratto, il Regio Decreto 1906\/1999, che regolamenta la contrattazione telefonica o elettronica con condizioni generali in sviluppo dell&#8217;articolo 5.3 della Legge 7\/1998; il Regio Decreto 1906\/1999, che regola la contrattazione telefonica o elettronica con condizioni generali in sviluppo. 3 della Legge 7\/1998; il Regio Decreto Legislativo 1\/2007, del 16 novembre, che approva il testo rivisto della Legge Generale per la Difesa dei Consumatori e degli Utenti e altre leggi complementari e qualsiasi altra disposizione legale applicabile.  <\/p>\n\n<p>H) Per la vendita di qualsiasi servizio di alloggio alberghiero offerto dalla nostra azienda attraverso il suo sito web, il cliente accetta, senza riserve di alcun tipo, tutte le Condizioni Generali di Contratto, le Condizioni Generali di utilizzo del sito web, nonch\u00e9, se del caso, le Condizioni Particolari eventualmente applicabili.<br\/>I) L&#8217;azienda informa che le formalit\u00e0 per la contrattazione dei servizi offerti sono quelle descritte nelle presenti condizioni generali, nonch\u00e9 le altre specifiche indicate sul sito web durante la navigazione, in modo che il cliente dichiari di essere a conoscenza e di accettare tali formalit\u00e0 come necessarie per accedere ai servizi di alloggio alberghiero offerti.<br\/>J) Tutte le informazioni fornite durante il processo di contrattazione saranno conservate dall&#8217;azienda. Qualsiasi modifica o correzione dei dati forniti dai clienti durante la navigazione dovr\u00e0 essere effettuata secondo le indicazioni inserite nella pagina web.<br\/>K) Con l&#8217;invio dei dati, il cliente acconsente espressamente al trattamento dei propri dati personali ai fini della contrattazione\/prenotazione della sistemazione alberghiera offerta. <\/p>\n\n<p>L) Il cliente contratta i servizi di alloggio alberghiero della societ\u00e0, e la societ\u00e0 accetta l&#8217;incarico di fornire i servizi selezionati sul sito web, in conformit\u00e0 con le condizioni del presente contratto per quanto riguarda il prezzo, le condizioni generali e particolari del servizio e\/o dei servizi selezionati.<br\/>M) Il Venditore si riserva il diritto di modificare unilateralmente le presenti Condizioni, senza che ci\u00f2 influisca sui servizi o sulle promozioni che sono stati contrattati prima della modifica.<\/p>\n\n<h2 class=\"wp-block-heading\">I.- IDENTIT\u00c0 DEL VENDITORE.<\/h2>\n\n<p>Il venditore dei servizi contrattati dall&#8217;utente \u00e8 l&#8217;entit\u00e0 Zanpro Investment Limited, che \u00e8 una societ\u00e0 che fornisce servizi di alloggio alberghiero.<br\/>Il sito web cristalresortzanzibar.com \u00e8 registrato a nome di Zanpro Investment Limited. Il marchio \u00e8 regolarmente registrato a nome dell&#8217;entit\u00e0. <\/p>\n\n<h2 class=\"wp-block-heading\">II.- SCOPO DELLE CONDIZIONI CONTRATTUALI.<\/h2>\n\n<p>Le presenti condizioni di contratto hanno lo scopo di stabilire le condizioni per la vendita e\/o la prenotazione dei servizi da contrattare attraverso il sito web cristalresortzanzibar.com. Le condizioni regolano il rapporto contrattuale di vendita\/prenotazione di alloggi alberghieri generato tra il Venditore e l&#8217;Acquirente nel momento in cui quest&#8217;ultimo accetta la casella corrispondente durante il processo di acquisto online. Le caratteristiche dei servizi contrattati sono riportate nelle pagine corrispondenti di questo sito web, cos\u00ec come le particolarit\u00e0 di ogni operazione che pu\u00f2 essere effettuata in questo ambiente, sempre in lingua spagnola.<br\/>La contrattazione di uno qualsiasi dei servizi e\/o prodotti da parte dell&#8217;acquirente attraverso la pagina cristalresortzanzibar.com, comporta l&#8217;accettazione e l&#8217;assoggettamento alle presenti Condizioni Generali di vendita nella sua totalit\u00e0.  <\/p>\n\n<p>L&#8217;azienda fornisce attraverso il sito web servizi di prenotazione e\/o vendita di alloggi alberghieri, sempre offerti dall&#8217;entit\u00e0 Zanpro Investment Limited. Questa prenotazione e\/o vendita di sistemazioni alberghiere sar\u00e0 regolata dalle Condizioni Contrattuali contenute nel presente documento e dalle Condizioni Specifiche che possono essere applicate a ciascuno dei prodotti e servizi offerti.<br\/>I prezzi applicabili ai prodotti e\/o servizi contrattati sono quelli indicati sul sito web alla data della prenotazione e\/o del contratto. Le offerte saranno debitamente contrassegnate e identificate come tali, indicando opportunamente il prezzo precedente e il prezzo dell&#8217;offerta.  <br\/>Tutti i mezzi tecnici e i requisiti necessari per accedere alla pagina, al sito web e ai servizi e\/o prodotti ivi offerti sono di esclusiva responsabilit\u00e0 dell&#8217;Utente, cos\u00ec come le spese o le imposte che la fornitura di tali servizi pu\u00f2 comportare.<br\/>Una volta effettuato l&#8217;accesso, e per procedere all&#8217;utilizzo dei diversi servizi, l&#8217;Utente dovr\u00e0 seguire tutte le indicazioni e le istruzioni contenute nel Sito Web, compilando le Condizioni Particolari e gli altri moduli stabiliti per ciascun servizio, il che implicher\u00e0 la lettura e l&#8217;accettazione di tutte le Condizioni Generali di Contratto, nonch\u00e9 delle Condizioni Particolari eventualmente applicabili, a seconda dei casi.<\/p>\n\n<h2 class=\"wp-block-heading\">III.- PROCEDURA DI ACQUISTO E\/O PRENOTAZIONE.<\/h2>\n\n<p>La contrattazione dei servizi deve avvenire attraverso la selezione specifica del tipo di alloggio desiderato, mediante gli strumenti di selezione dell&#8217;acquisto e\/o della prenotazione installati sul sito web.<br\/>Una volta selezionata e verificata la richiesta di acquisto e\/o di prenotazione, l&#8217;utente avr\u00e0 proceduto all&#8217;accettazione esplicita e completa di tutte le condizioni generali riportate sul sito web dell&#8217;azienda prima dell&#8217;acquisto dei servizi richiesti.<br\/>Dal momento dell&#8217;accettazione, l&#8217;utente acquisisce lo status di Cliente dell&#8217;azienda descritto nelle presenti Condizioni Generali. Qualsiasi servizio, prodotto e\/o prenotazione offerto successivamente dall&#8217;azienda dovr\u00e0 essere oggetto di un nuovo contratto.<br\/>Si raccomanda all&#8217;utente\/cliente di leggere con attenzione le presenti Condizioni Generali e di stampare su carta o salvare il documento in formato elettronico. <\/p>\n","protected":false},"excerpt":{"rendered":"<p>Attraverso il nostro servizio di prenotazione on-line, stai contrattando una prenotazione di alloggio turistico, servizio soggetto alle seguenti condizioni:Le presenti Condizioni Generali stabiliscono, insieme agli altri termini e condizioni, il quadro giuridico che regoler\u00e0 la contrattazione dei servizi consistenti nella fornitura di servizi di alloggio alberghiero, effettuata attraverso il sito web cristalresortzanzibar.com. Questo sito web [&hellip;]<\/p>\n","protected":false},"author":5,"featured_media":0,"parent":0,"menu_order":0,"comment_status":"closed","ping_status":"open","template":"","meta":{"footnotes":""},"class_list":["post-2619","page","type-page","status-publish","hentry"],"_links":{"self":[{"href":"https:\/\/cristalresortzanzibar.com\/it\/wp-json\/wp\/v2\/pages\/2619","targetHints":{"allow":["GET"]}}],"collection":[{"href":"https:\/\/cristalresortzanzibar.com\/it\/wp-json\/wp\/v2\/pages"}],"about":[{"href":"https:\/\/cristalresortzanzibar.com\/it\/wp-json\/wp\/v2\/types\/page"}],"author":[{"embeddable":true,"href":"https:\/\/cristalresortzanzibar.com\/it\/wp-json\/wp\/v2\/users\/5"}],"replies":[{"embeddable":true,"href":"https:\/\/cristalresortzanzibar.com\/it\/wp-json\/wp\/v2\/comments?post=2619"}],"version-history":[{"count":0,"href":"https:\/\/cristalresortzanzibar.com\/it\/wp-json\/wp\/v2\/pages\/2619\/revisions"}],"wp:attachment":[{"href":"https:\/\/cristalresortzanzibar.com\/it\/wp-json\/wp\/v2\/media?parent=2619"}],"curies":[{"name":"wp","href":"https:\/\/api.w.org\/{rel}","templated":true}]}}