{"id":2623,"date":"2025-01-20T11:02:32","date_gmt":"2025-01-20T11:02:32","guid":{"rendered":"https:\/\/cristalresortzanzibar.com\/conditions-de-reservation\/"},"modified":"2025-02-26T10:48:01","modified_gmt":"2025-02-26T10:48:01","slug":"conditions-de-reservation","status":"publish","type":"page","link":"https:\/\/cristalresortzanzibar.com\/fr\/conditions-de-reservation\/","title":{"rendered":"CONDITIONS DE R\u00c9SERVATION"},"content":{"rendered":"\n<p>Par le biais de notre service de r\u00e9servation en ligne, tu contractes une r\u00e9servation d&rsquo;h\u00e9bergement touristique, service soumis aux conditions suivantes :<br\/>Les pr\u00e9sentes conditions g\u00e9n\u00e9rales \u00e9tablissent, avec les autres termes et conditions, le cadre juridique qui r\u00e9glementera la contractualisation de services consistant en la fourniture de services d&rsquo;h\u00e9bergement h\u00f4telier, r\u00e9alis\u00e9s par le biais du site web cristalresortzanzibar.com. Ce site web appartient \u00e0 Zanpro Investment Limited, NIF\/Registration Number : Z0000013848, &#8211; &#8211; &#8211; , T\u00e9l\u00e9phone : +34 647101134. . Courriel : info@cristalresortzanzibar.com. <br\/>Les pr\u00e9sentes conditions contractuelles ont pour objet de r\u00e9glementer les conditions contractuelles de la contractualisation\/r\u00e9servation des services offerts par la soci\u00e9t\u00e9 \u00e0 travers le site web, et la contrepartie \u00e9conomique correspondante et\/ou le paiement \u00e0 effectuer par le client \u00e0 la soci\u00e9t\u00e9.<br\/>La soci\u00e9t\u00e9 met \u00e0 la disposition du destinataire, avant d&rsquo;entamer la proc\u00e9dure contractuelle et au moyen de techniques appropri\u00e9es aux moyens de communication utilis\u00e9s, de mani\u00e8re permanente, facile et gratuite, des informations claires, compr\u00e9hensibles et sans \u00e9quivoque sur les points suivants :   <\/p>\n\n<p>A) Les diff\u00e9rentes proc\u00e9dures \u00e0 suivre pour accepter les pr\u00e9sentes conditions g\u00e9n\u00e9rales.<br\/>B) Archivage \u00e9lectronique des pr\u00e9sentes conditions g\u00e9n\u00e9rales de contrat, accessible \u00e0 tout moment.<br\/>C) L&rsquo;entreprise met \u00e0 la disposition du client des moyens techniques pour identifier et corriger les erreurs.<br\/>D) La langue dans laquelle ces conditions g\u00e9n\u00e9rales de contrat sont formalis\u00e9es est l&rsquo;espagnol.<br\/>E) Avant le d\u00e9but de la proc\u00e9dure contractuelle, l&rsquo;entreprise met les conditions g\u00e9n\u00e9rales \u00e0 la disposition du client afin qu&rsquo;il puisse les conserver et les reproduire.<br\/>F) De m\u00eame, la contractualisation en ligne des services offerts par l&rsquo;entreprise \u00e0 travers ce site web sera soumise aux dispositions de l&rsquo;avis l\u00e9gal et\/ou de l&rsquo;avis l\u00e9gal du site web.<\/p>\n\n<p>G) Les pr\u00e9sentes conditions g\u00e9n\u00e9rales ont \u00e9t\u00e9 r\u00e9dig\u00e9es conform\u00e9ment aux dispositions de la loi 34\/2002 relative aux services de la soci\u00e9t\u00e9 de l&rsquo;information et au commerce \u00e9lectronique ; de la loi 7\/1998 relative aux conditions g\u00e9n\u00e9rales des contrats, du d\u00e9cret royal 1906\/1999, qui r\u00e9glemente les contrats t\u00e9l\u00e9phoniques ou \u00e9lectroniques avec des conditions g\u00e9n\u00e9rales dans le d\u00e9veloppement de l&rsquo;article 5. 3 de la loi 7\/1998 ; d\u00e9cret l\u00e9gislatif royal 1\/2007, du 16 novembre, qui approuve le texte r\u00e9vis\u00e9 de la loi g\u00e9n\u00e9rale pour la d\u00e9fense des consommateurs et des utilisateurs et d&rsquo;autres lois compl\u00e9mentaires ; Les pr\u00e9sentes conditions g\u00e9n\u00e9rales ont \u00e9t\u00e9 \u00e9labor\u00e9es conform\u00e9ment aux dispositions de la loi 34\/2002, sur les services de la soci\u00e9t\u00e9 de l&rsquo;information et le commerce \u00e9lectronique ; loi 7\/1998 sur les conditions g\u00e9n\u00e9rales des contrats, d\u00e9cret royal 1906\/1999, qui r\u00e9glemente les contrats t\u00e9l\u00e9phoniques ou \u00e9lectroniques avec des conditions g\u00e9n\u00e9rales dans le d\u00e9veloppement de l&rsquo;article 5. 3 de la loi 7\/1998 ; le d\u00e9cret l\u00e9gislatif royal 1\/2007, du 16 novembre, approuvant le texte r\u00e9vis\u00e9 de la loi g\u00e9n\u00e9rale pour la d\u00e9fense des consommateurs et des utilisateurs et d&rsquo;autres lois compl\u00e9mentaires et toute autre disposition l\u00e9gale applicable.  <\/p>\n\n<p>H) Pour la vente de l&rsquo;un des services d&rsquo;h\u00e9bergement h\u00f4telier propos\u00e9s par notre soci\u00e9t\u00e9 par l&rsquo;interm\u00e9diaire de son site Internet, le client accepte, sans r\u00e9serve d&rsquo;aucune sorte, chacune des Conditions g\u00e9n\u00e9rales contractuelles, des Conditions g\u00e9n\u00e9rales d&rsquo;utilisation du site Internet, ainsi que, le cas \u00e9ch\u00e9ant, des Conditions particuli\u00e8res \u00e9ventuellement applicables.<br\/>I) L&rsquo;entreprise informe que les formalit\u00e9s pour contracter les services offerts sont celles d\u00e9crites dans les pr\u00e9sentes conditions g\u00e9n\u00e9rales, ainsi que les autres sp\u00e9cifiques qui sont indiqu\u00e9es sur le site web lors de la navigation, de sorte que le client d\u00e9clare conna\u00eetre et accepter ces formalit\u00e9s comme \u00e9tant n\u00e9cessaires pour acc\u00e9der aux services d&rsquo;h\u00e9bergement h\u00f4telier offerts.<br\/>J) Toutes les informations fournies au cours du processus contractuel seront stock\u00e9es par l&rsquo;entreprise. Toute modification ou correction des donn\u00e9es fournies par les clients au cours de la navigation doit \u00eatre effectu\u00e9e conform\u00e9ment aux indications incluses dans la page web.<br\/>K) En soumettant les donn\u00e9es, le client consent express\u00e9ment au traitement de ses donn\u00e9es personnelles dans le but de contracter\/r\u00e9server l&rsquo;h\u00e9bergement h\u00f4telier propos\u00e9. <\/p>\n\n<p>L) Le client contracte les services d&rsquo;h\u00e9bergement h\u00f4telier de l&rsquo;entreprise, et l&rsquo;entreprise accepte la mission de fournir les services s\u00e9lectionn\u00e9s sur le site Web, conform\u00e9ment aux conditions du pr\u00e9sent contrat concernant le prix, les conditions g\u00e9n\u00e9rales et particuli\u00e8res du service et\/ou des services s\u00e9lectionn\u00e9s.<br\/>M) Le vendeur se r\u00e9serve le droit de modifier unilat\u00e9ralement les pr\u00e9sentes conditions, sans que cela n&rsquo;affecte les services ou les promotions qui ont \u00e9t\u00e9 contract\u00e9s avant la modification.<\/p>\n\n<h2 class=\"wp-block-heading\">I.- IDENTIT\u00c9 DU VENDEUR.<\/h2>\n\n<p>Le vendeur des services contract\u00e9s par l&rsquo;utilisateur est l&rsquo;entit\u00e9 Zanpro Investment Limited, qui est une soci\u00e9t\u00e9 qui fournit des services d&rsquo;h\u00e9bergement h\u00f4telier.<br\/>Le site Internet cristalresortzanzibar.com est enregistr\u00e9 au nom de Zanpro Investment Limited. La marque est d\u00fbment enregistr\u00e9e au nom de l&rsquo;entit\u00e9. <\/p>\n\n<h2 class=\"wp-block-heading\">II.- OBJET DES CONDITIONS CONTRACTUELLES.<\/h2>\n\n<p>Les pr\u00e9sentes conditions contractuelles ont pour objet d&rsquo;\u00e9tablir les conditions de vente et\/ou de r\u00e9servation des services \u00e0 contracter \u00e0 travers le site cristalresortzanzibar.com. Les conditions r\u00e9glementent la relation contractuelle de vente\/r\u00e9servation d&rsquo;h\u00e9bergement h\u00f4telier g\u00e9n\u00e9r\u00e9e entre le Vendeur et l&rsquo;Acheteur au moment o\u00f9 ce dernier accepte la case correspondante lors du processus d&rsquo;achat en ligne. Les caract\u00e9ristiques des services contract\u00e9s sont refl\u00e9t\u00e9es dans les pages correspondantes de ce site web, ainsi que les particularit\u00e9s de chaque op\u00e9ration pouvant \u00eatre r\u00e9alis\u00e9e dans cet environnement, toujours en espagnol.<br\/>Le fait de contracter n&rsquo;importe lequel des services et\/ou produits de la part de l&rsquo;acheteur \u00e0 travers la page cristalresortzanzibar.com, entra\u00eene l&rsquo;acceptation et la soumission aux pr\u00e9sentes Conditions G\u00e9n\u00e9rales de vente dans sa totalit\u00e9.  <\/p>\n\n<p>La soci\u00e9t\u00e9 fournit \u00e0 travers le site web des services de r\u00e9servation et\/ou de vente d&rsquo;h\u00e9bergement h\u00f4telier, toujours propos\u00e9s par l&rsquo;entit\u00e9 Zanpro Investment Limited. Cette r\u00e9servation et\/ou vente d&rsquo;h\u00e9bergement h\u00f4telier est r\u00e9gie par les Conditions contractuelles contenues dans le pr\u00e9sent document et par les Conditions sp\u00e9cifiques qui peuvent s&rsquo;appliquer \u00e0 chacun des produits et services offerts.<br\/>Les prix applicables aux produits et\/ou services contract\u00e9s sont ceux indiqu\u00e9s sur le site web \u00e0 la date de la r\u00e9servation et\/ou du contrat. Les offres seront d\u00fbment marqu\u00e9es et identifi\u00e9es comme telles, indiquant commod\u00e9ment le prix pr\u00e9c\u00e9dent et le prix de l&rsquo;offre.  <br\/>Tous les moyens et exigences techniques n\u00e9cessaires pour acc\u00e9der \u00e0 la page, au site web et aux services et\/ou produits qui y sont propos\u00e9s sont \u00e0 la charge exclusive de l&rsquo;Utilisateur, ainsi que tous les frais ou taxes auxquels la prestation desdits services peut donner lieu.<br\/>Une fois acc\u00e9d\u00e9, et pour proc\u00e9der \u00e0 l&rsquo;utilisation des diff\u00e9rents services, l&rsquo;Utilisateur devra suivre toutes les indications et instructions contenues sur le Site Web, en remplissant les Conditions Particuli\u00e8res et autres formulaires \u00e9tablis pour chaque service, ce qui impliquera la lecture et l&rsquo;acceptation de toutes les Conditions G\u00e9n\u00e9rales Contractuelles, ainsi que des Conditions Particuli\u00e8res \u00e9ventuellement applicables, selon le cas.<\/p>\n\n<h2 class=\"wp-block-heading\">III &#8211; PROC\u00c9DURE D&rsquo;ACHAT ET\/OU DE R\u00c9SERVATION.<\/h2>\n\n<p>La contractualisation des services doit se faire \u00e0 travers la s\u00e9lection sp\u00e9cifique du type d&rsquo;h\u00e9bergement souhait\u00e9, au moyen des outils de s\u00e9lection d&rsquo;achat et\/ou de r\u00e9servation qui sont install\u00e9s sur le site web.<br\/>Une fois la demande d&rsquo;achat et\/ou de r\u00e9servation s\u00e9lectionn\u00e9e et v\u00e9rifi\u00e9e, tu auras proc\u00e9d\u00e9 \u00e0 l&rsquo;acceptation expresse et totale de toutes et chacune des conditions g\u00e9n\u00e9rales telles qu&rsquo;elles figurent sur le site web de l&rsquo;entreprise avant l&rsquo;achat des services demand\u00e9s.<br\/>\u00c0 partir du moment de l&rsquo;acceptation, l&rsquo;utilisateur acquiert le statut de Client de l&rsquo;entreprise d\u00e9crit dans les pr\u00e9sentes Conditions G\u00e9n\u00e9rales. Tous les services, produits et\/ou r\u00e9servations propos\u00e9s ult\u00e9rieurement par l&rsquo;entreprise doivent faire l&rsquo;objet d&rsquo;un nouveau contrat.<br\/>Il est recommand\u00e9 \u00e0 l&rsquo;utilisateur\/client de lire plus attentivement les pr\u00e9sentes conditions g\u00e9n\u00e9rales, et d&rsquo;imprimer sur papier ou de sauvegarder le document au format \u00e9lectronique. <\/p>\n","protected":false},"excerpt":{"rendered":"<p>Par le biais de notre service de r\u00e9servation en ligne, tu contractes une r\u00e9servation d&rsquo;h\u00e9bergement touristique, service soumis aux conditions suivantes :Les pr\u00e9sentes conditions g\u00e9n\u00e9rales \u00e9tablissent, avec les autres termes et conditions, le cadre juridique qui r\u00e9glementera la contractualisation de services consistant en la fourniture de services d&rsquo;h\u00e9bergement h\u00f4telier, r\u00e9alis\u00e9s par le biais du site [&hellip;]<\/p>\n","protected":false},"author":5,"featured_media":0,"parent":0,"menu_order":0,"comment_status":"closed","ping_status":"open","template":"","meta":{"footnotes":""},"class_list":["post-2623","page","type-page","status-publish","hentry"],"_links":{"self":[{"href":"https:\/\/cristalresortzanzibar.com\/fr\/wp-json\/wp\/v2\/pages\/2623","targetHints":{"allow":["GET"]}}],"collection":[{"href":"https:\/\/cristalresortzanzibar.com\/fr\/wp-json\/wp\/v2\/pages"}],"about":[{"href":"https:\/\/cristalresortzanzibar.com\/fr\/wp-json\/wp\/v2\/types\/page"}],"author":[{"embeddable":true,"href":"https:\/\/cristalresortzanzibar.com\/fr\/wp-json\/wp\/v2\/users\/5"}],"replies":[{"embeddable":true,"href":"https:\/\/cristalresortzanzibar.com\/fr\/wp-json\/wp\/v2\/comments?post=2623"}],"version-history":[{"count":0,"href":"https:\/\/cristalresortzanzibar.com\/fr\/wp-json\/wp\/v2\/pages\/2623\/revisions"}],"wp:attachment":[{"href":"https:\/\/cristalresortzanzibar.com\/fr\/wp-json\/wp\/v2\/media?parent=2623"}],"curies":[{"name":"wp","href":"https:\/\/api.w.org\/{rel}","templated":true}]}}