{"id":2535,"date":"2024-09-09T08:26:29","date_gmt":"2024-09-09T08:26:29","guid":{"rendered":"https:\/\/cristalresortzanzibar.com\/politique-de-confidentialite\/"},"modified":"2025-02-26T10:45:37","modified_gmt":"2025-02-26T10:45:37","slug":"politique-de-confidentialite","status":"publish","type":"page","link":"https:\/\/cristalresortzanzibar.com\/fr\/politique-de-confidentialite\/","title":{"rendered":"Politique de confidentialit\u00e9"},"content":{"rendered":"\n<p>Conform\u00e9ment aux dispositions des articles 10 et 11 de la loi 34\/2002, du 11 juillet, sur les services de la soci\u00e9t\u00e9 de l&rsquo;information et le commerce \u00e9lectronique, des informations l\u00e9gales sont mises \u00e0 la disposition des utilisateurs et des visiteurs concernant l&rsquo;Entit\u00e9 propri\u00e9taire du site Web situ\u00e9 \u00e0 l&rsquo;adresse Internet cristalresortzanzibar.com.<\/p>\n\n<h3 class=\"wp-block-heading\"><br\/>PROPRI\u00c9TAIRE DU SITE<\/h3>\n\n<p>Nom de la soci\u00e9t\u00e9 : Zanpro Investment Limited<br\/>Num\u00e9ro d&rsquo;enregistrement : Z0000013848.<br\/>Adresse \u00e9lectronique : info@cristalresortzanzibar.com<br\/>T\u00e9l\u00e9phone : +34 647101134<br\/>Activit\u00e9 : H\u00f4tel\/H\u00e9bergement h\u00f4telier.<br\/>a) Pour naviguer sur cette page web en tant que visiteur ou pour s&rsquo;inscrire et acc\u00e9der aux services offerts par cristalresortzanzibar.com, il faut accepter les conditions de service suivantes :<br\/>A) L&rsquo;utilisateur et le surfeur assument ces conditions de service.<br\/>B) Si l&rsquo;utilisateur ou le navigateur n&rsquo;accepte pas ces conditions, il ne pourra pas utiliser cette page web, ni acc\u00e9der aux services offerts par cristalresortzanzibar.com.<\/p>\n\n<p>b) UTILISATION CORRECTE DU SITE WEB<br\/>c) Les pr\u00e9sentes conditions d&rsquo;utilisation r\u00e9gissent l&rsquo;acc\u00e8s et l&rsquo;utilisation de la page web cristalresortzanzibar.com. L&rsquo;utilisation de cette page web te conf\u00e8re la condition d&rsquo;utilisateur de celle-ci \u00e0 partir du moment o\u00f9 tu y acc\u00e8des et commences \u00e0 la parcourir. \u00c0 partir du moment o\u00f9 il acc\u00e8de \u00e0 l&rsquo;un de ses contenus, l&rsquo;utilisateur accepte express\u00e9ment les pr\u00e9sentes conditions g\u00e9n\u00e9rales. L&rsquo;utilisateur accepte les conditions particuli\u00e8res applicables aux diff\u00e9rents services propos\u00e9s par l&rsquo;entit\u00e9 sur le site web consult\u00e9.<br\/>d) \u00c0 travers le site web, Zanpro Investment Limited offre aux utilisateurs l&rsquo;acc\u00e8s et l&rsquo;utilisation de diverses informations et services.<br\/>e) Le site web est gratuit pour les utilisateurs. L&rsquo;Utilisateur s&rsquo;engage \u00e0 utiliser le site web conform\u00e9ment \u00e0 la Loi, aux dispositions des pr\u00e9sentes Conditions G\u00e9n\u00e9rales, ainsi qu&rsquo;\u00e0 la morale et aux bonnes coutumes g\u00e9n\u00e9ralement accept\u00e9es et \u00e0 l&rsquo;ordre public.    <\/p>\n\n<p>f) En g\u00e9n\u00e9ral, la fourniture de services et l&rsquo;acc\u00e8s aux informations sur le site Internet ne n\u00e9cessitent pas de souscription ou d&rsquo;inscription pr\u00e9alable de la part des Utilisateurs. Cependant, Zanpro Investment Limited conditionne l&rsquo;utilisation de certains services \u00e0 la r\u00e9alisation pr\u00e9alable par l&rsquo;Utilisateur du formulaire d&rsquo;inscription ou de collecte de donn\u00e9es correspondant. L&rsquo;enregistrement susmentionn\u00e9 sera r\u00e9alis\u00e9 de la mani\u00e8re express\u00e9ment indiqu\u00e9e dans le service lui-m\u00eame ou dans les Conditions sp\u00e9cifiques qui, le cas \u00e9ch\u00e9ant, le r\u00e9glementent.<br\/>g) L&rsquo;utilisateur s&rsquo;engage, \u00e0 partir du moment o\u00f9 il l&rsquo;accepte, \u00e0 faire usage de la page web cristalresortzanzibar.com, de ses contenus et de ses services conform\u00e9ment \u00e0 la loi, aux bonnes coutumes et \u00e0 l&rsquo;ordre public, en utilisant la diligence appropri\u00e9e \u00e0 la nature du service dont il jouit \u00e0 travers la page web cristalresortzanzibar.com.  <\/p>\n\n<h3 class=\"wp-block-heading\">MODIFICATIONS<\/h3>\n\n<p>L&rsquo;entit\u00e9 se r\u00e9serve le droit de modifier, unilat\u00e9ralement, \u00e0 tout moment et sans pr\u00e9avis, les pr\u00e9sentes conditions. Dans ce cas, elles seront publi\u00e9es et notifi\u00e9es le plus longtemps possible \u00e0 l&rsquo;avance. De m\u00eame, elle se r\u00e9serve le droit de modifier, unilat\u00e9ralement, \u00e0 tout moment et sans pr\u00e9avis, la pr\u00e9sentation et la configuration du site web.<br\/>LIENS VERS DES TIERS  <\/p>\n\n<p>Le pr\u00e9sent avis juridique se r\u00e9f\u00e8re uniquement au site Web et au contenu de l&rsquo;entit\u00e9, et ne s&rsquo;applique pas aux liens ou aux sites Web de tiers accessibles par le biais du site Web. L&rsquo;entit\u00e9 n&rsquo;est pas responsable du contenu des pages web de destination d&rsquo;un lien, ni de tout lien inclus dans une page web atteinte \u00e0 partir de la page web de l&rsquo;entit\u00e9. <\/p>\n\n<h3 class=\"wp-block-heading\">PROPRI\u00c9T\u00c9 INTELLECTUELLE ET INDUSTRIELLE<\/h3>\n\n<p>Tous les contenus du site Internet sont la propri\u00e9t\u00e9 exclusive de l&rsquo;entit\u00e9, y compris, mais sans s&rsquo;y limiter, la conception graphique, le code source, les logos, les textes, les graphiques, les illustrations, les photographies et les autres \u00e9l\u00e9ments qui apparaissent sur le site Internet. De m\u00eame, les noms commerciaux, marques ou signes distinctifs de toute nature contenus sur le site web sont prot\u00e9g\u00e9s par le droit de la propri\u00e9t\u00e9 intellectuelle et industrielle. L&rsquo;entit\u00e9 dispose des droits exclusifs d&rsquo;exploitation de la propri\u00e9t\u00e9 intellectuelle susmentionn\u00e9e sous quelque forme que ce soit et, en particulier, des droits de reproduction, de distribution et de communication publique. Il est interdit \u00e0 l&rsquo;utilisateur de faire un usage non consensuel, en tout ou en partie, de l&rsquo;un des contenus du site Web qui constituent les droits de propri\u00e9t\u00e9 intellectuelle ou industrielle de l&rsquo;entit\u00e9 sur le site Web et\/ou ses contenus.   <br\/>L&rsquo;entit\u00e9 se r\u00e9serve le droit d&rsquo;engager tout type d&rsquo;action en justice contre tout utilisateur qui r\u00e9alise une action qui implique la reproduction, la distribution, la commercialisation, la transformation et, en g\u00e9n\u00e9ral, toute autre forme d&rsquo;exploitation, par n&rsquo;importe quel proc\u00e9d\u00e9, de tout ou partie des contenus du site web et qui constitue une infraction aux droits de propri\u00e9t\u00e9 intellectuelle et\/ou industrielle de ce dernier.<\/p>\n\n<h3 class=\"wp-block-heading\">NOTIFICATIONS<\/h3>\n\n<p>Aux fins des pr\u00e9sentes conditions g\u00e9n\u00e9rales, et pour toute communication qui pourrait \u00eatre n\u00e9cessaire entre l&rsquo;entreprise et l&rsquo;Utilisateur, ce dernier devra envoyer un courrier \u00e9lectronique \u00e0 info@cristalresortzanzibar.com. Les communications de l&rsquo;entreprise \u00e0 l&rsquo;Utilisateur se feront conform\u00e9ment aux donn\u00e9es fournies par l&rsquo;Utilisateur lors de son inscription sur le site cristalresortzanzibar.com. L&rsquo;Utilisateur accepte express\u00e9ment, pour toutes les communications li\u00e9es \u00e0 l&rsquo;utilisation du site web et\/ou \u00e0 la contractualisation des services qui y sont propos\u00e9s, l&rsquo;utilisation du courrier \u00e9lectronique comme proc\u00e9dure valide pour l&rsquo;envoi de ces communications.  <\/p>\n\n<h2 class=\"wp-block-heading\">Politique en mati\u00e8re de cookies<\/h2>\n\n<p><br\/>Zanpro Investment Limited Num\u00e9ro d&rsquo;enregistrement : Z0000013848, adresse \u00e9lectronique : info@cristalresortzanzibar.com et web : cristalresortzanzibar.com informe express\u00e9ment l&rsquo;utilisateur que, conform\u00e9ment \u00e0 l&rsquo;art. 22.2 de la loi 34\/2002, du 11 juillet, sur les services de la soci\u00e9t\u00e9 de l&rsquo;information et le commerce \u00e9lectronique (LSSI), ce site Web utilise ses propres cookies et ceux de tiers pour offrir une meilleure exp\u00e9rience et un meilleur service. En naviguant ou en utilisant nos services, l&rsquo;utilisateur accepte express\u00e9ment notre utilisation des cookies. Cependant, l&rsquo;utilisateur a la possibilit\u00e9 d&#8217;emp\u00eacher la g\u00e9n\u00e9ration de cookies et de les supprimer en s\u00e9lectionnant l&rsquo;option correspondante dans son navigateur. Si tu bloques l&rsquo;utilisation des cookies dans ton navigateur, il est possible que certains services ou fonctionnalit\u00e9s du site Web ne soient pas disponibles.   <br\/>*Cookies propres : Ceux qui sont envoy\u00e9s \u00e0 l&rsquo;\u00e9quipement terminal de l&rsquo;utilisateur \u00e0 partir d&rsquo;un ordinateur ou d&rsquo;un domaine g\u00e9r\u00e9 par l&rsquo;\u00e9diteur lui-m\u00eame, et \u00e0 partir duquel le service demand\u00e9 par l&rsquo;utilisateur est fourni.<\/p>\n\n<h3 class=\"wp-block-heading\">Qu&rsquo;est-ce qu&rsquo;un biscuit ?<\/h3>\n\n<p>Un \u00a0\u00bb cookie \u00a0\u00bb est un fichier t\u00e9l\u00e9charg\u00e9 par les sites web et envoy\u00e9 au navigateur par certaines pages web, qui est stock\u00e9 dans le terminal de l&rsquo;utilisateur, qui peut \u00eatre un ordinateur personnel, un t\u00e9l\u00e9phone mobile, une tablette, etc. Ces fichiers permettent au site web de m\u00e9moriser des informations relatives \u00e0 ta visite, comme la langue et les options pr\u00e9f\u00e9r\u00e9es, ce qui peut te permettre de retrouver des informations sur la navigation effectu\u00e9e depuis ton ordinateur, facilitant ainsi ta prochaine visite et rendant le site plus utile en personnalisant son contenu.<br\/>Comment les cookies sont-ils utilis\u00e9s ? <\/p>\n\n<p>En naviguant sur ce site, l&rsquo;utilisateur accepte que des cookies soient install\u00e9s sur son terminal et qu&rsquo;ils nous permettent d&rsquo;obtenir les informations suivantes :<\/p>\n\n<p>Informations statistiques sur l&rsquo;utilisation du site web.<br\/>Le login de l&rsquo;utilisateur pour maintenir la session active sur le site web.<br\/>Le format web pr\u00e9f\u00e9r\u00e9 pour l&rsquo;acc\u00e8s depuis les appareils mobiles.<br\/>Les derni\u00e8res recherches effectu\u00e9es dans les services web et les donn\u00e9es de personnalisation de ces services.<br\/>Informations sur les publicit\u00e9s montr\u00e9es \u00e0 l&rsquo;utilisateur.<br\/>Informations sur les enqu\u00eates auxquelles l&rsquo;utilisateur a particip\u00e9.<br\/>Donn\u00e9es sur la connexion avec les r\u00e9seaux sociaux pour les utilisateurs qui acc\u00e8dent avec leur utilisateur Facebook ou Twitter.<br\/>Types de cookies utilis\u00e9s.<\/p>\n\n<p>Ce site Web utilise \u00e0 la fois des cookies de session temporaires et des cookies permanents. Les cookies de session stockent les donn\u00e9es uniquement pendant que l&rsquo;utilisateur acc\u00e8de au site web, et les cookies permanents stockent les donn\u00e9es dans le terminal de mani\u00e8re \u00e0 ce qu&rsquo;elles puissent \u00eatre consult\u00e9es et utilis\u00e9es au cours de plusieurs sessions. Ils sont g\u00e9n\u00e9ralement utilis\u00e9s pour stocker des informations qui ne doivent \u00eatre conserv\u00e9es que pour la fourniture du service demand\u00e9 par l&rsquo;utilisateur \u00e0 une seule occasion.<br\/>En fonction de la finalit\u00e9 pour laquelle les donn\u00e9es obtenues par le biais des cookies sont trait\u00e9es, le site web peut utiliser :  <\/p>\n\n<ol class=\"wp-block-list\">\n<li>Cookies techniques<br\/>Ces cookies permettent \u00e0 l&rsquo;utilisateur de naviguer sur un site web, une plateforme ou une application et d&rsquo;utiliser les diff\u00e9rentes options ou services qui y existent, comme, par exemple, le contr\u00f4le du trafic et de la communication des donn\u00e9es, l&rsquo;identification de la session, l&rsquo;acc\u00e8s aux zones restreintes, la m\u00e9morisation des \u00e9l\u00e9ments qui composent une commande, la r\u00e9alisation du processus d&rsquo;achat d&rsquo;une commande, la demande d&rsquo;inscription ou la participation \u00e0 un \u00e9v\u00e9nement, l&rsquo;utilisation d&rsquo;\u00e9l\u00e9ments de s\u00e9curit\u00e9 lors de la navigation, le stockage de contenus pour la diffusion de vid\u00e9os ou de sons ou le partage de contenus sur les r\u00e9seaux sociaux.<\/li>\n\n\n\n<li>Cookies de personnalisation<br\/>Ces cookies permettent \u00e0 l&rsquo;utilisateur d&rsquo;acc\u00e9der au service avec certaines caract\u00e9ristiques g\u00e9n\u00e9rales pr\u00e9d\u00e9finies en fonction d&rsquo;une s\u00e9rie de crit\u00e8res pr\u00e9sents dans le terminal de l&rsquo;utilisateur comme, par exemple, la langue, le type de navigateur utilis\u00e9 pour acc\u00e9der au service, la configuration r\u00e9gionale \u00e0 partir de laquelle on acc\u00e8de au service, la g\u00e9olocalisation du terminal et la configuration r\u00e9gionale \u00e0 partir de laquelle on acc\u00e8de au service.<\/li>\n<\/ol>\n\n<ol start=\"3\" class=\"wp-block-list\">\n<li>Cookies publicitaires<br\/>Ce sont ceux qui permettent de g\u00e9rer, de la mani\u00e8re la plus efficace possible, les espaces publicitaires que, le cas \u00e9ch\u00e9ant, l&rsquo;\u00e9diteur a inclus sur un site web, une application ou une plateforme \u00e0 partir de laquelle le service demand\u00e9 est fourni en fonction de crit\u00e8res tels que le contenu \u00e9dit\u00e9 ou la fr\u00e9quence \u00e0 laquelle les publicit\u00e9s sont affich\u00e9es.<\/li>\n\n\n\n<li>Cookies de publicit\u00e9 comportementale<br\/>Ces cookies permettent de g\u00e9rer, de la mani\u00e8re la plus efficace possible, les espaces publicitaires que, le cas \u00e9ch\u00e9ant, l&rsquo;\u00e9diteur a inclus sur un site web, une application ou une plateforme \u00e0 partir de laquelle le service demand\u00e9 est fourni. Ces cookies stockent des informations sur le comportement des utilisateurs obtenues gr\u00e2ce \u00e0 l&rsquo;observation continue de leurs habitudes de navigation, ce qui permet d&rsquo;\u00e9laborer un profil sp\u00e9cifique afin d&rsquo;afficher des publicit\u00e9s bas\u00e9es sur ce dernier. <\/li>\n\n\n\n<li>Cookies d&rsquo;analyse statistique<br\/>Ces cookies permettent de suivre et d&rsquo;analyser le comportement des utilisateurs sur les sites web. Les informations collect\u00e9es gr\u00e2ce \u00e0 ce type de cookies sont utilis\u00e9es pour mesurer l&rsquo;activit\u00e9 des sites Internet, de l&rsquo;application ou de la plateforme et pour cr\u00e9er des profils de navigation des utilisateurs de ces sites, afin d&rsquo;introduire des am\u00e9liorations dans le service en fonction des donn\u00e9es d&rsquo;utilisation des utilisateurs. <\/li>\n<\/ol>\n\n<ol start=\"6\" class=\"wp-block-list\">\n<li>Cookies tiers<br\/>Ce sont ceux qui sont envoy\u00e9s \u00e0 l&rsquo;\u00e9quipement terminal de l&rsquo;utilisateur \u00e0 partir d&rsquo;un ordinateur ou d&rsquo;un domaine qui n&rsquo;est pas g\u00e9r\u00e9 par l&rsquo;\u00e9diteur, mais par une autre entit\u00e9 qui traite les donn\u00e9es obtenues par le biais des cookies. Certaines pages web peuvent installer des cookies tiers qui permettent de g\u00e9rer et d&rsquo;am\u00e9liorer les services propos\u00e9s. Par exemple, Google Analytics et les services statistiques de Comscore.<br\/>L&rsquo;Entit\u00e9 utilise sur ce site les cookies suivants, qui sont d\u00e9taill\u00e9s ci-dessous :<br\/>Comment g\u00e9rer les &lsquo;cookies&rsquo; dans le navigateur ?  <\/li>\n<\/ol>\n\n<p>L&rsquo;utilisateur a la possibilit\u00e9 d&rsquo;autoriser, de bloquer ou de supprimer les cookies install\u00e9s sur son ordinateur en configurant les options du navigateur install\u00e9 sur son terminal.<\/p>\n\n<h3 class=\"wp-block-heading\"><strong>Microsoft Clarity<\/strong><\/h3>\n\n<p>Nous utilisons <strong>Microsoft Clarity<\/strong>, un outil d&rsquo;analyse fourni par Microsoft, pour enregistrer et analyser la fa\u00e7on dont les utilisateurs interagissent avec notre site Web. <strong>Clarity<\/strong> utilise des cookies pour collecter des informations anonymes sur la fa\u00e7on dont les utilisateurs interagissent avec notre site, comme les pages qu&rsquo;ils visitent, le temps qu&rsquo;ils y passent et les actions qu&rsquo;ils effectuent (par exemple, les clics ou le d\u00e9filement). Ces informations nous aident \u00e0 am\u00e9liorer l&rsquo;exp\u00e9rience des utilisateurs et \u00e0 optimiser notre site Web. <\/p>\n\n<h4 class=\"wp-block-heading\">Quelles sont les informations recueillies par Microsoft Clarity ?<\/h4>\n\n<ul class=\"wp-block-list\">\n<li><strong>Interactions de l&rsquo;utilisateur<\/strong>: Y compris les clics, les d\u00e9filements et les mouvements de souris sur le site.<\/li>\n\n\n\n<li><strong>Donn\u00e9es techniques<\/strong>: Informations sur l&rsquo;appareil et le navigateur utilis\u00e9s, telles que la r\u00e9solution de l&rsquo;\u00e9cran, le syst\u00e8me d&rsquo;exploitation et le type de navigateur.<\/li>\n\n\n\n<li><strong>Donn\u00e9es anonymes<\/strong>: Microsoft Clarity ne recueille pas d&rsquo;informations personnellement identifiables sans le consentement explicite de l&rsquo;utilisateur.<\/li>\n<\/ul>\n\n<h4 class=\"wp-block-heading\">Comment contr\u00f4ler les cookies de Microsoft Clarity ?<\/h4>\n\n<p>Les cookies utilis\u00e9s par <strong>Microsoft Clarity<\/strong> sont des <strong>cookies analytiques<\/strong>. Conform\u00e9ment aux lois sur la protection de la vie priv\u00e9e, telles que le <strong>GDPR<\/strong>, nous te demandons ton consentement avant d&rsquo;installer des cookies analytiques sur ton appareil. <strong>Clarity<\/strong> ne sera activ\u00e9 qu&rsquo;une fois que tu auras accept\u00e9 les cookies analytiques par le biais de notre avis sur les cookies. <\/p>\n\n<p>Si tu choisis de ne pas accepter les cookies analytiques, <strong>Microsoft Clarity<\/strong> ne sera pas activ\u00e9 et aucune information sur ton comportement sur notre site ne sera collect\u00e9e.<\/p>\n\n<h3 class=\"wp-block-heading\">Comment g\u00e9rer les cookies sur les ordinateurs<\/h3>\n\n<p><br\/>Si tu veux autoriser l&rsquo;utilisation des cookies de notre site, suis les instructions ci-dessous :<\/p>\n\n<p><br\/>Google Chrome<\/p>\n\n<p><br\/>Lorsque tu ouvres le navigateur, clique sur &lsquo;outils&rsquo; en haut et s\u00e9lectionne l&rsquo;onglet &lsquo;options&rsquo;.<br\/>Sous options, clique sur &lsquo;vie priv\u00e9e&rsquo;.<br\/>Coche &lsquo;autoriser la gestion des cookies&rsquo;.<br\/>Internet Explorer 6.0, 7.0, 8.0, 9.0<br\/>Lorsque tu ouvres le navigateur, clique sur &lsquo;outils&rsquo; en haut et s\u00e9lectionne l&rsquo;onglet &lsquo;options&rsquo;.<br\/>V\u00e9rifie l&rsquo;onglet &lsquo;vie priv\u00e9e&rsquo; pour t&rsquo;assurer qu&rsquo;il est r\u00e9gl\u00e9 sur un niveau de s\u00e9curit\u00e9 moyen ou inf\u00e9rieur.<br\/>Si tes param\u00e8tres Internet ne sont pas r\u00e9gl\u00e9s sur moyen, les cookies seront bloqu\u00e9s.<\/p>\n\n<p><br\/>Mozilla Firefox<\/p>\n\n<p><br\/>Lorsque tu ouvres le navigateur, clique sur \u00ab\u00a0outils\u00a0\u00bb en haut et s\u00e9lectionne l&rsquo;onglet \u00ab\u00a0options\u00a0\u00bb.<br\/>S\u00e9lectionne l&rsquo;ic\u00f4ne \u00ab\u00a0Vie priv\u00e9e\u00a0\u00bb.<br\/>Clique sur \u00ab\u00a0cookies\u00a0\u00bb et coche : \u00ab\u00a0autoriser les cookies\u00a0\u00bb.<\/p>\n\n<p>S\u00e9lectionne l&rsquo;ic\u00f4ne Confidentialit\u00e9.<br\/>Clique sur cookies, et coche : &lsquo;autoriser l&rsquo;installation de cookies&rsquo;.<\/p>\n\n<p><br\/>Safari<\/p>\n\n<p><br\/>Lorsque tu ouvres le navigateur, clique sur \u00a0\u00bb outils \u00a0\u00bb en haut et s\u00e9lectionne l&rsquo;onglet \u00a0\u00bb options \u00ab\u00a0.<br\/>Clique sur l&rsquo;onglet \u00a0\u00bb S\u00e9curit\u00e9 \u00a0\u00bb et v\u00e9rifie si l&rsquo;option \u00a0\u00bb Bloquer l&rsquo;acc\u00e8s aux cookies tiers \u00a0\u00bb est coch\u00e9e.<br\/>Clique sur \u00a0\u00bb Enregistrer \u00ab\u00a0.<br\/>Param\u00e9trage des cookies sur Mac<br\/>Si tu as un Mac et que tu souhaites autoriser l&rsquo;acc\u00e8s \u00e0 nos cookies sur ton ordinateur, suis les instructions ci-dessous :<\/p>\n\n<p><br\/>Internet Explorer 5.0 sur OSX<\/p>\n\n<p><br\/>Va dans &lsquo;Explorer&rsquo; et s\u00e9lectionne &lsquo;Pr\u00e9f\u00e9rences&rsquo; dans la barre de navigation.<br\/>Fais d\u00e9filer vers le bas jusqu&rsquo;\u00e0 ce que tu vois &lsquo;Cookies&rsquo; juste en dessous de &lsquo;Fichiers re\u00e7us&rsquo;.<br\/>Coche &lsquo;Ne plus demander&rsquo;.<br\/>Safari sur OSX<br\/>Va dans Safari et s\u00e9lectionne &lsquo;Pr\u00e9f\u00e9rences&rsquo; dans la barre de navigation.<br\/>Clique sur l&rsquo;onglet &lsquo;S\u00e9curit\u00e9&rsquo; et coche l&rsquo;option &lsquo;Accepter les cookies&rsquo;.<br\/>S\u00e9lectionne l&rsquo;option : &lsquo;Uniquement pour le site sur lequel je navigue&rsquo;.<\/p>\n\n<p>Mozilla et Netscape sur OSX<\/p>\n\n<p><br\/>Va sur &lsquo;Mozilla&rsquo; ou &lsquo;Netscape&rsquo; et en haut de ton navigateur, v\u00e9rifie l&rsquo;option &lsquo;Pr\u00e9f\u00e9rences&rsquo;.<br\/>Fais d\u00e9filer vers le bas jusqu&rsquo;\u00e0 ce que tu voies &lsquo;Cookies&rsquo; juste en dessous de &lsquo;Confidentialit\u00e9 et s\u00e9curit\u00e9&rsquo;.<br\/>Coche l&rsquo;option &lsquo;Autoriser les cookies uniquement \u00e0 partir du site actuel&rsquo;.<br\/>Opera<br\/>Va sur &lsquo;Opera&rsquo; et s\u00e9lectionne &lsquo;Menu&rsquo; et &lsquo;Param\u00e8tres&rsquo; dans la barre de navigation.<br\/>S\u00e9lectionne &lsquo;Pr\u00e9f\u00e9rences&rsquo; et clique sur l&rsquo;onglet &lsquo;Avanc\u00e9es&rsquo;.<br\/>Coche l&rsquo;option &lsquo;Accepter les cookies&rsquo;. Si tu bloques l&rsquo;utilisation des cookies dans ton navigateur, il est possible que certains services ou fonctionnalit\u00e9s du site Internet ne soient pas disponibles.<br\/>Dans certains navigateurs, tu peux configurer des r\u00e8gles sp\u00e9cifiques pour g\u00e9rer les cookies par site Internet, ce qui offre un contr\u00f4le plus pr\u00e9cis sur la vie priv\u00e9e. Cela signifie que tu peux d\u00e9sactiver les cookies de tous les sites, sauf ceux auxquels tu fais confiance.  <\/p>\n\n<p><\/p>\n","protected":false},"excerpt":{"rendered":"<p>Conform\u00e9ment aux dispositions des articles 10 et 11 de la loi 34\/2002, du 11 juillet, sur les services de la soci\u00e9t\u00e9 de l&rsquo;information et le commerce \u00e9lectronique, des informations l\u00e9gales sont mises \u00e0 la disposition des utilisateurs et des visiteurs concernant l&rsquo;Entit\u00e9 propri\u00e9taire du site Web situ\u00e9 \u00e0 l&rsquo;adresse Internet cristalresortzanzibar.com. PROPRI\u00c9TAIRE DU SITE Nom [&hellip;]<\/p>\n","protected":false},"author":1,"featured_media":0,"parent":0,"menu_order":0,"comment_status":"closed","ping_status":"open","template":"","meta":{"footnotes":""},"class_list":["post-2535","page","type-page","status-publish","hentry"],"_links":{"self":[{"href":"https:\/\/cristalresortzanzibar.com\/fr\/wp-json\/wp\/v2\/pages\/2535","targetHints":{"allow":["GET"]}}],"collection":[{"href":"https:\/\/cristalresortzanzibar.com\/fr\/wp-json\/wp\/v2\/pages"}],"about":[{"href":"https:\/\/cristalresortzanzibar.com\/fr\/wp-json\/wp\/v2\/types\/page"}],"author":[{"embeddable":true,"href":"https:\/\/cristalresortzanzibar.com\/fr\/wp-json\/wp\/v2\/users\/1"}],"replies":[{"embeddable":true,"href":"https:\/\/cristalresortzanzibar.com\/fr\/wp-json\/wp\/v2\/comments?post=2535"}],"version-history":[{"count":0,"href":"https:\/\/cristalresortzanzibar.com\/fr\/wp-json\/wp\/v2\/pages\/2535\/revisions"}],"wp:attachment":[{"href":"https:\/\/cristalresortzanzibar.com\/fr\/wp-json\/wp\/v2\/media?parent=2535"}],"curies":[{"name":"wp","href":"https:\/\/api.w.org\/{rel}","templated":true}]}}