{"id":2617,"date":"2025-01-20T11:02:32","date_gmt":"2025-01-20T11:02:32","guid":{"rendered":"https:\/\/cristalresortzanzibar.com\/condiciones-de-reserva\/"},"modified":"2025-02-26T10:47:52","modified_gmt":"2025-02-26T10:47:52","slug":"condiciones-de-reserva","status":"publish","type":"page","link":"https:\/\/cristalresortzanzibar.com\/es\/condiciones-de-reserva\/","title":{"rendered":"CONDICIONES DE RESERVA"},"content":{"rendered":"\n<p>A trav\u00e9s de nuestro servicio de reservas on-line, est\u00e1s contratando una reserva de alojamiento tur\u00edstico, servicio sujeto a las siguientes condiciones:<br\/>Las presentes Condiciones Generales establecen, junto con los dem\u00e1s t\u00e9rminos y condiciones, el marco legal que regular\u00e1 la contrataci\u00f3n de servicios consistentes en la prestaci\u00f3n de servicios de alojamiento hotelero, realizada a trav\u00e9s del sitio web cristalresortzanzibar.com. Este sitio web pertenece a Zanpro Investment Limited, NIF\/N\u00famero de registro: Z0000013848, &#8211; &#8211; &#8211; , Tel\u00e9fono: +34 647101134. . Correo electr\u00f3nico: info@cristalresortzanzibar.com. <br\/>Las presentes condiciones de contrataci\u00f3n tienen por objeto regular los t\u00e9rminos contractuales para la contrataci\u00f3n\/reserva de los servicios ofrecidos por la empresa a trav\u00e9s del sitio web, y la correspondiente contraprestaci\u00f3n econ\u00f3mica y\/o pago a realizar por el Cliente a la Empresa.<br\/>La empresa pone a disposici\u00f3n del destinatario, antes de iniciar el procedimiento de contrataci\u00f3n y mediante t\u00e9cnicas adecuadas al medio de comunicaci\u00f3n utilizado, de forma permanente, f\u00e1cil y gratuita, informaci\u00f3n clara, comprensible e inequ\u00edvoca sobre los siguientes extremos:   <\/p>\n\n<p>A) Los diferentes procedimientos a seguir para aceptar estas condiciones generales.<br\/>B) Archivo electr\u00f3nico de las presentes condiciones generales de contrataci\u00f3n, accesible en todo momento.<br\/>C) La empresa pone a disposici\u00f3n del cliente medios t\u00e9cnicos para identificar y corregir errores.<br\/>D) La lengua en la que se formalizan estas condiciones generales de contrataci\u00f3n es el castellano.<br\/>E) Antes del inicio del procedimiento de contrataci\u00f3n, la empresa pone a disposici\u00f3n del cliente las condiciones generales para que puedan ser almacenadas y reproducidas por el cliente.<br\/>F) Asimismo, la contrataci\u00f3n on-line de los servicios ofrecidos por la empresa a trav\u00e9s de este sitio web se sujetar\u00e1 a lo dispuesto en el aviso legal y\/o aviso legal del sitio web.<\/p>\n\n<p>G) Estas Condiciones Generales han sido redactadas de conformidad con lo dispuesto en la Ley 34\/2002, de servicios de la sociedad de la informaci\u00f3n y de comercio electr\u00f3nico; la Ley 7\/1998 sobre Condiciones Generales de la Contrataci\u00f3n, el Real Decreto 1906\/1999, por el que se regula la contrataci\u00f3n telef\u00f3nica o electr\u00f3nica con condiciones generales en desarrollo del art\u00edculo 5. 3 de la Ley 7\/1998; Real Decreto Legislativo 1\/2007, de 16 de noviembre, por el que se aprueba el texto refundido de la Ley General para la Defensa de los Consumidores y Usuarios y otras leyes complementarias; Las presentes Condiciones Generales han sido elaboradas de conformidad con lo dispuesto en la Ley 34\/2002, de servicios de la sociedad de la informaci\u00f3n y de comercio electr\u00f3nico; Ley 7\/1998 sobre Condiciones Generales de la Contrataci\u00f3n, Real Decreto 1906\/1999, por el que se regula la contrataci\u00f3n telef\u00f3nica o electr\u00f3nica con condiciones generales en desarrollo del art\u00edculo 5. 3 de la Ley 7\/1998. 3 de la Ley 7\/1998; Real Decreto Legislativo 1\/2007, de 16 de noviembre, por el que se aprueba el texto refundido de la Ley General para la Defensa de los Consumidores y Usuarios y otras leyes complementarias y cualesquiera otras disposiciones legales aplicables.  <\/p>\n\n<p>H) Para la venta de cualquiera de los servicios de alojamiento hotelero ofrecidos por nuestra empresa a trav\u00e9s de su sitio web, el cliente acepta, sin reservas de ninguna clase, todas y cada una de las Condiciones Generales de Contrataci\u00f3n, las Condiciones Generales de uso del sitio web, as\u00ed como, en su caso, las Condiciones Particulares que resulten de aplicaci\u00f3n.<br\/>I) La empresa informa que las formalidades para la contrataci\u00f3n de los servicios ofertados son las descritas en las presentes condiciones generales, as\u00ed como aquellas otras espec\u00edficas que se indiquen en el sitio web durante la navegaci\u00f3n, por lo que el cliente declara conocer y aceptar dichas formalidades como necesarias para acceder a los servicios de alojamiento hotelero ofertados.<br\/>J) Toda la informaci\u00f3n facilitada durante el proceso de contrataci\u00f3n ser\u00e1 almacenada por la empresa. Cualquier modificaci\u00f3n o rectificaci\u00f3n de los datos facilitados por los clientes durante la navegaci\u00f3n deber\u00e1 realizarse conforme a las indicaciones incluidas en la p\u00e1gina web.<br\/>K) Mediante el env\u00edo de los datos, el cliente consiente expresamente el tratamiento de sus datos personales con la finalidad de contratar\/reservar el alojamiento hotelero ofertado. <\/p>\n\n<p>L) El cliente contrata los servicios de alojamiento hotelero de la empresa, y \u00e9sta acepta el encargo de prestar los servicios seleccionados en el sitio web, de acuerdo con las condiciones del presente contrato en cuanto a precio, condiciones generales y particulares del servicio y\/o servicios seleccionados.<br\/>M) El Vendedor se reserva el derecho a modificar unilateralmente las presentes Condiciones, sin que ello pueda afectar a los servicios o promociones que fueron contratados con anterioridad a la modificaci\u00f3n.<\/p>\n\n<h2 class=\"wp-block-heading\">I.- IDENTIDAD DEL VENDEDOR.<\/h2>\n\n<p>El Vendedor de los servicios contratados por el usuario es la entidad Zanpro Investment Limited, que es una empresa que presta servicios de alojamiento hotelero.<br\/>El sitio web cristalresortzanzibar.com est\u00e1 registrado a nombre de Zanpro Investment Limited. La marca est\u00e1 debidamente registrada a nombre de la entidad. <\/p>\n\n<h2 class=\"wp-block-heading\">II.- OBJETO DE LAS CONDICIONES DE CONTRATACI\u00d3N.<\/h2>\n\n<p>Las presentes condiciones de contrataci\u00f3n tienen por objeto establecer las condiciones de venta y\/o reserva de los servicios a contratar a trav\u00e9s del sitio web cristalresortzanzibar.com. Las condiciones regulan la relaci\u00f3n contractual de venta\/reserva de alojamiento hotelero generada entre el Vendedor y el Comprador en el momento en que \u00e9ste acepta la casilla correspondiente durante el proceso de compra online. Las caracter\u00edsticas de los servicios contratados se reflejan en las correspondientes p\u00e1ginas de este sitio web, as\u00ed como las particularidades de cada operaci\u00f3n que pueda realizarse en este entorno, siempre en espa\u00f1ol.<br\/>La contrataci\u00f3n de cualquiera de los servicios y\/o productos por parte del comprador a trav\u00e9s de la p\u00e1gina cristalresortzanzibar.com, conlleva la aceptaci\u00f3n y sujeci\u00f3n a las presentes Condiciones Generales de venta en su totalidad.  <\/p>\n\n<p>La empresa presta a trav\u00e9s del sitio web servicios de reserva y\/o venta de alojamiento hotelero, ofrecidos siempre por la entidad Zanpro Investment Limited. Dicha reserva y\/o venta de alojamiento hotelero se regir\u00e1 por las Condiciones de Contrataci\u00f3n aqu\u00ed contenidas y por las Condiciones Particulares que resulten de aplicaci\u00f3n a cada uno de los productos y servicios ofertados.<br\/>Los precios aplicables a los productos y\/o servicios contratados son los indicados en el sitio web en la fecha de reserva y\/o contrataci\u00f3n. Las ofertas estar\u00e1n debidamente marcadas e identificadas como tales, indicando convenientemente el precio anterior y el precio de la oferta.  <br\/>Todos los medios y requerimientos t\u00e9cnicos necesarios para acceder a la p\u00e1gina, al sitio web y a los servicios y\/o productos ofrecidos en el mismo ser\u00e1n por cuenta exclusiva del Usuario, as\u00ed como cualesquiera gastos o impuestos a los que la prestaci\u00f3n de dichos servicios pudiera dar lugar.<br\/>Una vez haya accedido, y para proceder a la utilizaci\u00f3n de los diferentes servicios, el Usuario deber\u00e1 seguir todas las indicaciones e instrucciones contenidas en el Sitio Web, cumplimentando las Condiciones Particulares y dem\u00e1s formularios establecidos para cada servicio, lo que implicar\u00e1 la lectura y aceptaci\u00f3n de todas las Condiciones Generales de Contrataci\u00f3n, as\u00ed como de las Condiciones Particulares que, en su caso, resulten de aplicaci\u00f3n.<\/p>\n\n<h2 class=\"wp-block-heading\">III.- PROCEDIMIENTO DE COMPRA Y\/O RESERVA.<\/h2>\n\n<p>La contrataci\u00f3n de los servicios deber\u00e1 realizarse mediante la selecci\u00f3n espec\u00edfica del tipo de alojamiento deseado, a trav\u00e9s de las herramientas de selecci\u00f3n de compra y\/o reserva que se encuentran instaladas en el sitio web.<br\/>Una vez seleccionada y verificada la solicitud de compra y\/o reserva, habr\u00e1s procedido a la aceptaci\u00f3n expresa y plena de todas y cada una de las condiciones generales tal y como se muestran en el sitio web de la empresa con car\u00e1cter previo a la contrataci\u00f3n de los servicios solicitados.<br\/>Desde el momento de la aceptaci\u00f3n, el usuario adquiere la condici\u00f3n de Cliente de la empresa descrita en las presentes Condiciones Generales. Cualquiera de los servicios, productos y\/o reservas ofrecidos posteriormente por la empresa deber\u00e1n ser objeto de un nuevo contrato.<br\/>Se recomienda al usuario\/cliente que lea detenidamente estas Condiciones Generales y que imprima en papel o guarde el documento en formato electr\u00f3nico. <\/p>\n","protected":false},"excerpt":{"rendered":"<p>A trav\u00e9s de nuestro servicio de reservas on-line, est\u00e1s contratando una reserva de alojamiento tur\u00edstico, servicio sujeto a las siguientes condiciones:Las presentes Condiciones Generales establecen, junto con los dem\u00e1s t\u00e9rminos y condiciones, el marco legal que regular\u00e1 la contrataci\u00f3n de servicios consistentes en la prestaci\u00f3n de servicios de alojamiento hotelero, realizada a trav\u00e9s del sitio [&hellip;]<\/p>\n","protected":false},"author":5,"featured_media":0,"parent":0,"menu_order":0,"comment_status":"closed","ping_status":"open","template":"","meta":{"footnotes":""},"class_list":["post-2617","page","type-page","status-publish","hentry"],"_links":{"self":[{"href":"https:\/\/cristalresortzanzibar.com\/es\/wp-json\/wp\/v2\/pages\/2617","targetHints":{"allow":["GET"]}}],"collection":[{"href":"https:\/\/cristalresortzanzibar.com\/es\/wp-json\/wp\/v2\/pages"}],"about":[{"href":"https:\/\/cristalresortzanzibar.com\/es\/wp-json\/wp\/v2\/types\/page"}],"author":[{"embeddable":true,"href":"https:\/\/cristalresortzanzibar.com\/es\/wp-json\/wp\/v2\/users\/5"}],"replies":[{"embeddable":true,"href":"https:\/\/cristalresortzanzibar.com\/es\/wp-json\/wp\/v2\/comments?post=2617"}],"version-history":[{"count":0,"href":"https:\/\/cristalresortzanzibar.com\/es\/wp-json\/wp\/v2\/pages\/2617\/revisions"}],"wp:attachment":[{"href":"https:\/\/cristalresortzanzibar.com\/es\/wp-json\/wp\/v2\/media?parent=2617"}],"curies":[{"name":"wp","href":"https:\/\/api.w.org\/{rel}","templated":true}]}}