{"id":2621,"date":"2025-01-20T11:02:32","date_gmt":"2025-01-20T11:02:32","guid":{"rendered":"https:\/\/cristalresortzanzibar.com\/buchungsbedingungen\/"},"modified":"2025-02-26T10:47:52","modified_gmt":"2025-02-26T10:47:52","slug":"buchungsbedingungen","status":"publish","type":"page","link":"https:\/\/cristalresortzanzibar.com\/de\/buchungsbedingungen\/","title":{"rendered":"BUCHUNGSBEDINGUNGEN"},"content":{"rendered":"\n<p>\u00dcber unseren Online-Buchungsservice schlie\u00dft du einen Vertrag \u00fcber eine touristische Unterkunftsbuchung ab, eine Dienstleistung, die den folgenden Bedingungen unterliegt:<br\/>Diese Allgemeinen Gesch\u00e4ftsbedingungen bilden zusammen mit den anderen Bedingungen den rechtlichen Rahmen f\u00fcr den Abschluss von Vertr\u00e4gen \u00fcber die Erbringung von Unterkunftsdienstleistungen, die \u00fcber die Website cristalresortzanzibar.com durchgef\u00fchrt werden. Diese Website geh\u00f6rt der Zanpro Investment Limited, NIF\/Registrierungsnummer: Z0000013848, &#8211; &#8211; &#8211; , Telefon: +34 647101134. . E-Mail: info@cristalresortzanzibar.com. <br\/>Der Zweck dieser Vertragsbedingungen ist es, die Vertragsbedingungen f\u00fcr den Vertragsabschluss\/die Buchung der vom Unternehmen \u00fcber die Website angebotenen Dienstleistungen und die entsprechende wirtschaftliche Gegenleistung und\/oder Zahlung, die der Kunde an das Unternehmen zu leisten hat, zu regeln.<br\/>Das Unternehmen stellt dem Empf\u00e4nger vor Einleitung des Vertragsabschlusses und mit Hilfe von Techniken, die f\u00fcr die verwendeten Kommunikationsmittel geeignet sind, auf dauerhafte, einfache und kostenlose Weise klare, verst\u00e4ndliche und eindeutige Informationen \u00fcber die folgenden Punkte zur Verf\u00fcgung:   <\/p>\n\n<p>A) Die verschiedenen Verfahren, die zu befolgen sind, um diese Allgemeinen Gesch\u00e4ftsbedingungen zu akzeptieren.<br\/>B) Elektronische Archivierung dieser allgemeinen Vertragsbedingungen, die jederzeit zug\u00e4nglich sind.<br\/>C) Das Unternehmen stellt dem Kunden technische Mittel zur Verf\u00fcgung, um Fehler zu erkennen und zu korrigieren.<br\/>D) Die Sprache, in der diese allgemeinen Vertragsbedingungen formuliert sind, ist Spanisch.<br\/>E) Vor Beginn des Vertragsabschlusses stellt das Unternehmen dem Kunden die Allgemeinen Gesch\u00e4ftsbedingungen zur Verf\u00fcgung, damit er sie speichern und nachvollziehen kann.<br\/>F) Ebenso unterliegt der Online-Abschluss von Vertr\u00e4gen \u00fcber die vom Unternehmen \u00fcber diese Website angebotenen Dienstleistungen den Bestimmungen des rechtlichen Hinweises und\/oder der rechtlichen Hinweise auf der Website.<\/p>\n\n<p>G) Diese Allgemeinen Gesch\u00e4ftsbedingungen wurden in \u00dcbereinstimmung mit den Bestimmungen des Gesetzes 34\/2002 \u00fcber die Dienste der Informationsgesellschaft und den elektronischen Handel, dem Gesetz 7\/1998 \u00fcber die Allgemeinen Vertragsbedingungen, dem K\u00f6niglichen Erlass 1906\/1999, der den telefonischen oder elektronischen Vertragsabschluss mit allgemeinen Bedingungen in Weiterentwicklung von Artikel 5 regelt, erstellt. 3 des Gesetzes 7\/1998; K\u00f6niglicher Gesetzeserlass 1\/2007 vom 16. November, der den \u00fcberarbeiteten Text des Allgemeinen Gesetzes zum Schutz von Verbrauchern und Nutzern und anderer erg\u00e4nzender Gesetze genehmigt; Diese Allgemeinen Bedingungen wurden in \u00dcbereinstimmung mit den Bestimmungen des Gesetzes 34\/2002 \u00fcber die Dienste der Informationsgesellschaft und den elektronischen Handel verfasst; Gesetz 7\/1998 \u00fcber Allgemeine Vertragsbedingungen, K\u00f6niglicher Erlass 1906\/1999, das telefonische oder elektronische Vertragsabschl\u00fcsse mit allgemeinen Bedingungen in Weiterentwicklung von Artikel 5 regelt. 3 des Gesetzes 7\/1998; der K\u00f6nigliche Gesetzeserlass 1\/2007 vom 16. November, der den \u00fcberarbeiteten Text des Allgemeinen Gesetzes zum Schutz der Verbraucher und Nutzer sowie andere erg\u00e4nzende Gesetze und alle anderen anwendbaren Rechtsvorschriften genehmigt.  <\/p>\n\n<p>H) F\u00fcr den Verkauf von Hotelunterk\u00fcnften, die unser Unternehmen \u00fcber seine Website anbietet, akzeptiert der Kunde ohne jegliche Vorbehalte alle Allgemeinen Vertragsbedingungen, die Allgemeinen Nutzungsbedingungen der Website sowie gegebenenfalls die Besonderen Bedingungen, die anwendbar sein k\u00f6nnen.<br\/>I) Das Unternehmen informiert, dass die Formalit\u00e4ten f\u00fcr die Inanspruchnahme der angebotenen Dienstleistungen die in diesen allgemeinen Bedingungen beschriebenen sind, sowie die anderen spezifischen, die auf der Website w\u00e4hrend des Surfens angezeigt werden, so dass der Kunde erkl\u00e4rt, diese Formalit\u00e4ten zu kennen und zu akzeptieren, da sie f\u00fcr die Inanspruchnahme der angebotenen Hoteldienstleistungen erforderlich sind.<br\/>J) Alle w\u00e4hrend des Vertragsabschlusses angegebenen Informationen werden von dem Unternehmen gespeichert. Jede \u00c4nderung oder Korrektur der von den Kunden w\u00e4hrend der Navigation angegebenen Daten muss gem\u00e4\u00df den Angaben auf der Webseite erfolgen.<br\/>K) Mit der \u00dcbermittlung der Daten stimmt der Kunde ausdr\u00fccklich der Verarbeitung seiner pers\u00f6nlichen Daten zum Zweck des Vertragsabschlusses\/der Buchung der angebotenen Hotelunterkunft zu. <\/p>\n\n<p>L) Der Kunde beauftragt das Unternehmen mit der Unterbringung in einem Hotel, und das Unternehmen akzeptiert den Auftrag zur Erbringung der auf der Website ausgew\u00e4hlten Dienstleistungen gem\u00e4\u00df den Bedingungen des vorliegenden Vertrages in Bezug auf den Preis, die allgemeinen und besonderen Bedingungen der ausgew\u00e4hlten Dienstleistung und\/oder Dienstleistungen.<br\/>M) Der Verk\u00e4ufer beh\u00e4lt sich das Recht vor, diese Bedingungen einseitig zu \u00e4ndern, ohne dass dies Auswirkungen auf die Dienstleistungen oder Angebote hat, die vor der \u00c4nderung vertraglich vereinbart wurden.<\/p>\n\n<h2 class=\"wp-block-heading\">I. &#8211; IDENTIT\u00c4T DES VERK\u00c4UFERS.<\/h2>\n\n<p>Der Verk\u00e4ufer der vom Nutzer in Anspruch genommenen Dienstleistungen ist das Unternehmen Zanpro Investment Limited, das Hotelunterk\u00fcnfte anbietet.<br\/>Die Website cristalresortzanzibar.com ist im Namen von Zanpro Investment Limited registriert. Die Marke ist ordnungsgem\u00e4\u00df auf den Namen des Unternehmens eingetragen. <\/p>\n\n<h2 class=\"wp-block-heading\">II.- ZWECK DER VERTRAGSBEDINGUNGEN.<\/h2>\n\n<p>Der Zweck dieser Vertragsbedingungen ist es, die Bedingungen f\u00fcr den Verkauf und\/oder die Buchung von Dienstleistungen festzulegen, die \u00fcber die Website cristalresortzanzibar.com abgeschlossen werden. Die Bedingungen regeln das Vertragsverh\u00e4ltnis f\u00fcr den Verkauf\/die Buchung von Hotelunterk\u00fcnften zwischen dem Verk\u00e4ufer und dem K\u00e4ufer in dem Moment, in dem letzterer das entsprechende Feld w\u00e4hrend des Online-Kaufprozesses akzeptiert. Die Merkmale der vertraglich vereinbarten Dienstleistungen sind auf den entsprechenden Seiten dieser Website zu finden, ebenso wie die Besonderheiten der einzelnen Vorg\u00e4nge, die in dieser Umgebung durchgef\u00fchrt werden k\u00f6nnen, immer auf Spanisch.<br\/>Der Abschluss eines Vertrages \u00fcber eine der Dienstleistungen und\/oder Produkte seitens des K\u00e4ufers \u00fcber die Seite cristalresortzanzibar.com bedeutet die Annahme und Unterwerfung unter die vorliegenden Allgemeinen Verkaufsbedingungen in ihrer Gesamtheit.  <\/p>\n\n<p>Das Unternehmen bietet \u00fcber die Website die Reservierung und\/oder den Verkauf von Hotelunterk\u00fcnften an, die immer von der Firma Zanpro Investment Limited angeboten werden. Diese Reservierung und\/oder dieser Verkauf von Hotelunterk\u00fcnften unterliegt den hierin enthaltenen Vertragsbedingungen sowie den besonderen Bedingungen, die f\u00fcr jedes der angebotenen Produkte und Dienstleistungen gelten k\u00f6nnen.<br\/>Die f\u00fcr die vertraglich vereinbarten Produkte und\/oder Dienstleistungen geltenden Preise sind die zum Zeitpunkt der Buchung und\/oder des Vertragsabschlusses auf der Website angegebenen Preise. Die Angebote werden ordnungsgem\u00e4\u00df gekennzeichnet und als solche gekennzeichnet, wobei der vorherige Preis und der Preis des Angebots angegeben werden.  <br\/>Alle technischen Mittel und Anforderungen, die f\u00fcr den Zugriff auf die Seite, die Website und die dort angebotenen Dienstleistungen und\/oder Produkte erforderlich sind, liegen in der ausschlie\u00dflichen Verantwortung des\/der Nutzers\/Nutzerin, ebenso wie alle Kosten oder Steuern, die durch die Bereitstellung der genannten Dienstleistungen entstehen k\u00f6nnen.<br\/>Um die verschiedenen Dienste nutzen zu k\u00f6nnen, muss der\/die Nutzer\/in alle Hinweise und Anweisungen auf der Website befolgen und die Besonderen Bedingungen und andere Formulare f\u00fcr jeden Dienst ausf\u00fcllen, wodurch er\/sie die Allgemeinen Vertragsbedingungen und gegebenenfalls die Besonderen Bedingungen liest und akzeptiert.<\/p>\n\n<h2 class=\"wp-block-heading\">III.- KAUF- UND\/ODER BUCHUNGSVERFAHREN.<\/h2>\n\n<p>Der Vertragsabschluss muss durch die spezifische Auswahl der gew\u00fcnschten Unterkunftsart mittels der auf der Website installierten Kauf- und\/oder Buchungsauswahltools erfolgen.<br\/>Sobald die Kauf- und\/oder Buchungsanfrage ausgew\u00e4hlt und verifiziert wurde, hast du vor dem Kauf der angeforderten Dienstleistungen die ausdr\u00fcckliche und vollst\u00e4ndige Annahme aller und jeder einzelnen der allgemeinen Bedingungen, wie sie auf der Website des Unternehmens dargestellt sind, vorgenommen.<br\/>Ab dem Zeitpunkt der Annahme erwirbt der Nutzer den in diesen allgemeinen Bedingungen beschriebenen Status eines Kunden des Unternehmens. Alle sp\u00e4ter vom Unternehmen angebotenen Dienstleistungen, Produkte und\/oder Reservierungen m\u00fcssen Gegenstand eines neuen Vertrags sein.<br\/>Dem Nutzer\/Kunden wird empfohlen, diese Allgemeinen Gesch\u00e4ftsbedingungen genauer zu lesen und das Dokument auf Papier auszudrucken oder in elektronischer Form zu speichern. <\/p>\n","protected":false},"excerpt":{"rendered":"<p>\u00dcber unseren Online-Buchungsservice schlie\u00dft du einen Vertrag \u00fcber eine touristische Unterkunftsbuchung ab, eine Dienstleistung, die den folgenden Bedingungen unterliegt:Diese Allgemeinen Gesch\u00e4ftsbedingungen bilden zusammen mit den anderen Bedingungen den rechtlichen Rahmen f\u00fcr den Abschluss von Vertr\u00e4gen \u00fcber die Erbringung von Unterkunftsdienstleistungen, die \u00fcber die Website cristalresortzanzibar.com durchgef\u00fchrt werden. Diese Website geh\u00f6rt der Zanpro Investment Limited, NIF\/Registrierungsnummer: [&hellip;]<\/p>\n","protected":false},"author":5,"featured_media":0,"parent":0,"menu_order":0,"comment_status":"closed","ping_status":"open","template":"","meta":{"footnotes":""},"class_list":["post-2621","page","type-page","status-publish","hentry"],"_links":{"self":[{"href":"https:\/\/cristalresortzanzibar.com\/de\/wp-json\/wp\/v2\/pages\/2621","targetHints":{"allow":["GET"]}}],"collection":[{"href":"https:\/\/cristalresortzanzibar.com\/de\/wp-json\/wp\/v2\/pages"}],"about":[{"href":"https:\/\/cristalresortzanzibar.com\/de\/wp-json\/wp\/v2\/types\/page"}],"author":[{"embeddable":true,"href":"https:\/\/cristalresortzanzibar.com\/de\/wp-json\/wp\/v2\/users\/5"}],"replies":[{"embeddable":true,"href":"https:\/\/cristalresortzanzibar.com\/de\/wp-json\/wp\/v2\/comments?post=2621"}],"version-history":[{"count":0,"href":"https:\/\/cristalresortzanzibar.com\/de\/wp-json\/wp\/v2\/pages\/2621\/revisions"}],"wp:attachment":[{"href":"https:\/\/cristalresortzanzibar.com\/de\/wp-json\/wp\/v2\/media?parent=2621"}],"curies":[{"name":"wp","href":"https:\/\/api.w.org\/{rel}","templated":true}]}}