{"id":2533,"date":"2024-09-09T08:26:29","date_gmt":"2024-09-09T08:26:29","guid":{"rendered":"https:\/\/cristalresortzanzibar.com\/datenschutzrichtlinie\/"},"modified":"2025-02-26T10:45:36","modified_gmt":"2025-02-26T10:45:36","slug":"datenschutzrichtlinie","status":"publish","type":"page","link":"https:\/\/cristalresortzanzibar.com\/de\/datenschutzrichtlinie\/","title":{"rendered":"Datenschutzrichtlinie"},"content":{"rendered":"\n<p>Gem\u00e4\u00df den Bestimmungen der Artikel 10 und 11 des Gesetzes 34\/2002 vom 11. Juli \u00fcber die Dienste der Informationsgesellschaft und den elektronischen Handel werden den Nutzern und Besuchern rechtliche Informationen \u00fcber das Unternehmen zur Verf\u00fcgung gestellt, das Eigent\u00fcmer der Website unter der Internetadresse cristalresortzanzibar.com ist.<\/p>\n\n<h3 class=\"wp-block-heading\"><br\/>INHABER DER WEBSITE<\/h3>\n\n<p>Firmenname: Zanpro Investment Limited<br\/>Registrierungsnummer: Z0000013848.<br\/>E-mail Adresse: info@cristalresortzanzibar.com<br\/>Telefon: +34 647101134<br\/>T\u00e4tigkeit: Hotel\/Hotelunterkunft.<br\/>a) Um auf dieser Webseite als Besucher zu surfen oder sich zu registrieren und auf die von cristalresortzanzibar.com angebotenen Dienste zuzugreifen, m\u00fcssen die folgenden Nutzungsbedingungen akzeptiert werden:<br\/>A) Der Nutzer und der Surfer nehmen diese Nutzungsbedingungen an.<br\/>B) Wenn der Nutzer oder der Surfer diese Bedingungen nicht akzeptiert, kann er diese Webseite nicht nutzen und auch nicht auf die von cristalresortzanzibar.com angebotenen Dienste zugreifen.<\/p>\n\n<p>b) RICHTIGE NUTZUNG DER WEBSITE<br\/>c) Die vorliegenden Nutzungsbedingungen regeln den Zugang und die Nutzung der Webseite cristalresortzanzibar.com. Die Nutzung dieser Website macht dich von dem Moment an, in dem du darauf zugreifst und mit dem Surfen beginnst, zum Nutzer derselben. In dem Moment, in dem du auf einen der Inhalte zugreifst, akzeptiert der Nutzer ausdr\u00fccklich diese allgemeinen Bedingungen. Der Nutzer akzeptiert die besonderen Bedingungen, die f\u00fcr die verschiedenen Dienstleistungen gelten, die von dem Unternehmen auf der aufgerufenen Website angeboten werden.<br\/>d) \u00dcber die Website bietet Zanpro Investment Limited den Nutzern Zugang zu verschiedenen Informationen und Dienstleistungen und deren Nutzung.<br\/>e) Die Website ist f\u00fcr die Nutzer kostenlos. Der Nutzer verpflichtet sich, die Website in \u00dcbereinstimmung mit dem Gesetz, den Bestimmungen dieser Allgemeinen Gesch\u00e4ftsbedingungen sowie den allgemein anerkannten Sitten und Gebr\u00e4uchen und der \u00f6ffentlichen Ordnung zu nutzen.    <\/p>\n\n<p>f) Im Allgemeinen ist f\u00fcr die Bereitstellung von Diensten und den Zugang zu Informationen auf der Website keine vorherige Anmeldung oder Registrierung der Nutzer erforderlich. Zanpro Investment Limited macht jedoch die Nutzung einiger Dienste davon abh\u00e4ngig, dass der Nutzer das entsprechende Registrierungs- oder Datenerfassungsformular ausf\u00fcllt. Die vorgenannte Registrierung erfolgt auf die Art und Weise, die im Dienst selbst oder in den Besonderen Bedingungen, die ihn gegebenenfalls regeln, ausdr\u00fccklich angegeben ist.<br\/>g) Der Nutzer verpflichtet sich ab dem Zeitpunkt der Annahme, die Webseite cristalresortzanzibar.com, die Inhalte und ihre Dienste in \u00dcbereinstimmung mit dem Gesetz, den guten Sitten und der \u00f6ffentlichen Ordnung zu nutzen und dabei die Sorgfalt walten zu lassen, die der Art des Dienstes entspricht, den er\/sie \u00fcber die Webseite cristalresortzanzibar.com in Anspruch nimmt.  <\/p>\n\n<h3 class=\"wp-block-heading\">VER\u00c4NDERUNGEN<\/h3>\n\n<p>Das Unternehmen beh\u00e4lt sich das Recht vor, die vorliegenden Bedingungen jederzeit und ohne vorherige Ank\u00fcndigung einseitig zu \u00e4ndern. In solchen F\u00e4llen werden sie so weit wie m\u00f6glich im Voraus ver\u00f6ffentlicht und bekannt gegeben. Ebenso beh\u00e4lt sie sich das Recht vor, die Darstellung und Konfiguration der Website jederzeit und ohne Vorank\u00fcndigung einseitig zu \u00e4ndern.<br\/>LINKS ZU DRITTEN PARTEIEN  <\/p>\n\n<p>Diese rechtlichen Hinweise beziehen sich nur auf die Website und die Inhalte des Unternehmens und gelten nicht f\u00fcr Links oder Websites von Dritten, die \u00fcber die Website zug\u00e4nglich sind. Der Rechtstr\u00e4ger ist weder f\u00fcr den Inhalt einer der Ziel-Webseiten eines Links noch f\u00fcr einen Link auf einer Webseite, die von der Webseite des Rechtstr\u00e4gers aus erreichbar ist, verantwortlich. <\/p>\n\n<h3 class=\"wp-block-heading\">GEISTIGES UND GEWERBLICHES EIGENTUM<\/h3>\n\n<p>Alle Inhalte der Website sind das ausschlie\u00dfliche Eigentum des Unternehmens, einschlie\u00dflich, aber nicht beschr\u00e4nkt auf das grafische Design, den Quellcode, die Logos, Texte, Grafiken, Illustrationen, Fotos und andere Elemente, die auf der Website erscheinen. Ebenso sind die auf der Website enthaltenen Handelsnamen, Marken oder Unterscheidungszeichen jeglicher Art durch das Recht des geistigen und gewerblichen Eigentums gesch\u00fctzt. Das Unternehmen verf\u00fcgt \u00fcber die ausschlie\u00dflichen Rechte zur Verwertung des genannten geistigen Eigentums in jeder Form und insbesondere \u00fcber die Rechte zur Vervielf\u00e4ltigung, Verbreitung und \u00f6ffentlichen Bekanntmachung. Dem\/der Nutzer\/in ist es untersagt, die Inhalte der Website, die das geistige oder gewerbliche Eigentum des Unternehmens an der Website und\/oder ihren Inhalten darstellen, ganz oder teilweise ohne Zustimmung zu nutzen.   <br\/>Das Unternehmen beh\u00e4lt sich das Recht vor, rechtliche Schritte gegen jeden Nutzer einzuleiten, der eine Handlung vornimmt, die die Vervielf\u00e4ltigung, den Vertrieb, die Kommerzialisierung, die Umwandlung und ganz allgemein jede andere Form der Verwertung des gesamten Inhalts oder eines Teils des Inhalts der Website beinhaltet und eine Verletzung der geistigen und\/oder gewerblichen Eigentumsrechte des Unternehmens darstellt.<\/p>\n\n<h3 class=\"wp-block-heading\">NACHRICHTEN<\/h3>\n\n<p>F\u00fcr die Zwecke dieser Allgemeinen Gesch\u00e4ftsbedingungen und f\u00fcr jegliche Kommunikation, die zwischen dem Unternehmen und dem Nutzer erforderlich ist, sollte der Nutzer eine E-Mail an info@cristalresortzanzibar.com senden. Die Kommunikation zwischen dem Unternehmen und dem\/der Nutzer\/in erfolgt in \u00dcbereinstimmung mit den Daten, die der\/die Nutzer\/in bei der Registrierung auf der Website cristalresortzanzibar.com angegeben hat. Der\/die Nutzer\/in erkl\u00e4rt sich ausdr\u00fccklich damit einverstanden, dass f\u00fcr alle Mitteilungen im Zusammenhang mit der Nutzung der Website und\/oder der Inanspruchnahme der dort angebotenen Dienstleistungen die E-Mail als g\u00fcltiges Verfahren f\u00fcr den Versand solcher Mitteilungen verwendet wird.  <\/p>\n\n<h2 class=\"wp-block-heading\">Cookies-Richtlinie<\/h2>\n\n<p><br\/>Zanpro Investment Limited Registrierungsnummer: Z0000013848, E-Mail-Adresse: info@cristalresortzanzibar.com und Web: cristalresortzanzibar.com informiert den Nutzer ausdr\u00fccklich dar\u00fcber, dass gem\u00e4\u00df Art. 22.2 des Gesetzes 34\/2002 vom 11. Juli \u00fcber die Dienste der Informationsgesellschaft und den elektronischen Handel (LSSI), diese Website eigene und fremde Cookies verwendet, um ein besseres Erlebnis und einen besseren Service zu bieten. Durch das Surfen oder die Nutzung unserer Dienste stimmt der Nutzer ausdr\u00fccklich der Verwendung von Cookies zu. Der Nutzer hat jedoch die M\u00f6glichkeit, die Erzeugung von Cookies zu verhindern und sie zu l\u00f6schen, indem er die entsprechende Option in seinem Browser ausw\u00e4hlt. Wenn du die Verwendung von Cookies in deinem Browser blockierst, kann es sein, dass einige Dienste oder Funktionalit\u00e4ten der Website nicht verf\u00fcgbar sind.   <br\/>*Eigene Cookies: Diejenigen, die von einem Computer oder einer Domain, die vom Herausgeber selbst verwaltet wird, an das Endger\u00e4t des Nutzers gesendet werden und von denen aus der vom Nutzer angeforderte Dienst bereitgestellt wird.<\/p>\n\n<h3 class=\"wp-block-heading\">Was ist ein Keks?<\/h3>\n\n<p>Ein &#8222;Cookie&#8220; ist eine Datei, die von Websites heruntergeladen und von bestimmten Webseiten an den Browser gesendet wird. Sie wird auf dem Endger\u00e4t des Nutzers gespeichert, bei dem es sich um einen PC, ein Mobiltelefon, ein Tablet usw. handeln kann. Diese Dateien erm\u00f6glichen es der Website, sich Informationen \u00fcber deinen Besuch zu merken, wie z. B. die Sprache und die bevorzugten Optionen. Dadurch k\u00f6nnen Informationen \u00fcber die Navigation auf deinem Computer abgerufen werden, was deinen n\u00e4chsten Besuch erleichtert und die Website durch die Personalisierung ihrer Inhalte n\u00fctzlicher macht.<br\/>Wie werden Cookies verwendet? <\/p>\n\n<p>Durch das Surfen auf dieser Website akzeptiert der\/die Nutzer\/in, dass Cookies auf seinem\/ihrem Endger\u00e4t installiert werden und dass sie uns erlauben, die folgenden Informationen zu erhalten:<\/p>\n\n<p>Statistische Informationen \u00fcber die Nutzung der Website.<br\/>Das Login des Nutzers, um die Sitzung auf der Website aktiv zu halten.<br\/>Das bevorzugte Webformat f\u00fcr den Zugriff von mobilen Ger\u00e4ten.<br\/>Die zuletzt durchgef\u00fchrten Suchen in den Webdiensten und Personalisierungsdaten dieser Dienste.<br\/>Informationen \u00fcber die dem Nutzer angezeigte Werbung.<br\/>Informationen \u00fcber die Umfragen, an denen der Nutzer teilgenommen hat.<br\/>Daten \u00fcber die Verbindung mit sozialen Netzwerken f\u00fcr Nutzer, die mit ihrem Facebook- oder Twitter-Benutzer zugreifen.<br\/>Arten von verwendeten Cookies<\/p>\n\n<p>Diese Website verwendet sowohl tempor\u00e4re Sitzungscookies als auch permanente Cookies. Sitzungs-Cookies speichern Daten nur, w\u00e4hrend der Nutzer auf die Website zugreift, w\u00e4hrend permanente Cookies die Daten im Endger\u00e4t speichern, damit sie in mehr als einer Sitzung abgerufen und verwendet werden k\u00f6nnen. Sie werden in der Regel verwendet, um Informationen zu speichern, die nur f\u00fcr die Erbringung des vom Nutzer angeforderten Dienstes bei einer einzigen Gelegenheit ben\u00f6tigt werden.<br\/>Je nach dem Zweck, f\u00fcr den die durch Cookies erhaltenen Daten verarbeitet werden, kann die Website diese verwenden:  <\/p>\n\n<ol class=\"wp-block-list\">\n<li>Technische Cookies<br\/>Diese Cookies erm\u00f6glichen es dem Nutzer\/der Nutzerin, auf einer Website, Plattform oder Anwendung zu surfen und die verschiedenen Optionen oder Dienste zu nutzen, die es dort gibt, wie z. B. die Steuerung des Datenverkehrs und der Datenkommunikation, die Identifizierung der Sitzung, den Zugang zu eingeschr\u00e4nkten Bereichen, die Erinnerung an die Elemente, aus denen eine Bestellung besteht, die Durchf\u00fchrung des Kaufvorgangs einer Bestellung, die Beantragung einer Registrierung oder die Teilnahme an einer Veranstaltung, die Verwendung von Sicherheitselementen beim Surfen, die Speicherung von Inhalten f\u00fcr die \u00dcbertragung von Videos oder Ton oder das Teilen von Inhalten \u00fcber soziale Netzwerke.<\/li>\n\n\n\n<li>Personalisierungs-Cookies<br\/>Diese Cookies erm\u00f6glichen es der Nutzerin\/dem Nutzer, auf den Dienst mit einigen vordefinierten allgemeinen Merkmalen zuzugreifen, die von einer Reihe von Kriterien auf dem Endger\u00e4t der Nutzerin\/des Nutzers abh\u00e4ngen, wie z. B. der Sprache, der Art des Browsers, mit dem auf den Dienst zugegriffen wird, der regionalen Konfiguration, von der aus auf den Dienst zugegriffen wird, der Geolokation des Endger\u00e4ts und der regionalen Konfiguration, von der aus auf den Dienst zugegriffen wird.<\/li>\n<\/ol>\n\n<ol start=\"3\" class=\"wp-block-list\">\n<li>Werbe-Cookies<br\/>Diese erm\u00f6glichen die m\u00f6glichst effiziente Verwaltung der Werbefl\u00e4chen, die der Herausgeber gegebenenfalls auf einer Website, Anwendung oder Plattform, von der aus der angeforderte Dienst erbracht wird, auf der Grundlage von Kriterien wie dem bearbeiteten Inhalt oder der H\u00e4ufigkeit, mit der die Werbung angezeigt wird, eingef\u00fcgt hat.<\/li>\n\n\n\n<li>Cookies f\u00fcr verhaltensbasierte Werbung<br\/>Diese Cookies erm\u00f6glichen eine m\u00f6glichst effiziente Verwaltung der Werbefl\u00e4chen, die der Herausgeber gegebenenfalls auf einer Website, Anwendung oder Plattform eingef\u00fcgt hat, \u00fcber die der angeforderte Dienst bereitgestellt wird. Diese Cookies speichern Informationen \u00fcber das Verhalten der Nutzerinnen und Nutzer, die durch die kontinuierliche Beobachtung ihrer Surfgewohnheiten gewonnen werden, wodurch ein spezifisches Profil erstellt werden kann, um darauf basierende Werbung anzuzeigen. <\/li>\n\n\n\n<li>Cookies zur statistischen Analyse<br\/>Diese Cookies erm\u00f6glichen die \u00dcberwachung und Analyse des Nutzerverhaltens auf Websites. Die durch diese Art von Cookies gesammelten Informationen werden verwendet, um die Aktivit\u00e4t der Websites, Anwendungen oder Plattformen zu messen und um Browsing-Profile der Nutzer\/innen dieser Websites zu erstellen, um auf der Grundlage der Nutzungsdaten der Nutzer\/innen Verbesserungen des Dienstes einzuf\u00fchren. <\/li>\n<\/ol>\n\n<ol start=\"6\" class=\"wp-block-list\">\n<li>Drittanbieter-Cookies<br\/>Das sind Cookies, die von einem Computer oder einer Dom\u00e4ne, die nicht vom Herausgeber, sondern von einer anderen Stelle, die die durch die Cookies erhaltenen Daten verarbeitet, an das Endger\u00e4t des Nutzers gesendet werden. Einige Webseiten k\u00f6nnen Cookies von Drittanbietern installieren, die es erm\u00f6glichen, die angebotenen Dienste zu verwalten und zu verbessern. Zum Beispiel Google Analytics und die statistischen Dienste von Comscore.<br\/>Die Entit\u00e4t verwendet auf dieser Website die folgenden Cookies, die im Folgenden n\u00e4her erl\u00e4utert werden:<br\/>Wie verwalte ich &#8222;Cookies&#8220; im Browser?  <\/li>\n<\/ol>\n\n<p>Der\/die Nutzer\/in hat die M\u00f6glichkeit, die auf seinem\/ihrem Computer installierten Cookies zuzulassen, zu blockieren oder zu l\u00f6schen, indem er\/sie die auf seinem\/ihrem Endger\u00e4t installierten Browseroptionen konfiguriert.<\/p>\n\n<h3 class=\"wp-block-heading\"><strong>Microsoft Klarheit<\/strong><\/h3>\n\n<p>Wir verwenden <strong>Microsoft Clarity<\/strong>, ein Analysetool von Microsoft, um aufzuzeichnen und zu analysieren, wie Nutzer\/innen mit unserer Website interagieren. <strong>Clarity<\/strong> verwendet Cookies, um anonyme Informationen dar\u00fcber zu sammeln, wie Nutzer\/innen mit unserer Website interagieren, z. B. welche Seiten sie besuchen, wie viel Zeit sie dort verbringen und welche Aktionen sie durchf\u00fchren (z. B. Klicken oder Scrollen). Diese Informationen helfen uns, das Nutzererlebnis zu verbessern und unsere Website zu optimieren. <\/p>\n\n<h4 class=\"wp-block-heading\">Welche Informationen sammelt Microsoft Clarity?<\/h4>\n\n<ul class=\"wp-block-list\">\n<li><strong>Nutzerinteraktionen<\/strong>: Dazu geh\u00f6ren Klicks, Scrolls und Mausbewegungen auf der Website.<\/li>\n\n\n\n<li><strong>Technische Daten<\/strong>: Informationen \u00fcber das verwendete Ger\u00e4t und den Browser, wie Bildschirmaufl\u00f6sung, Betriebssystem und Browsertyp.<\/li>\n\n\n\n<li><strong>Anonyme Daten<\/strong>: Microsoft Clarity sammelt ohne ausdr\u00fcckliche Zustimmung der Nutzer\/innen keine pers\u00f6nlich identifizierbaren Daten.<\/li>\n<\/ul>\n\n<h4 class=\"wp-block-heading\">Wie k\u00f6nnen wir die Cookies von Microsoft Clarity kontrollieren?<\/h4>\n\n<p>Die von <strong>Microsoft Clarity<\/strong> verwendeten Cookies sind <strong>Analyse-Cookies<\/strong>. Gem\u00e4\u00df den Datenschutzgesetzen, wie z.B. der <strong>GDPR<\/strong>, bitten wir dich um deine Zustimmung, bevor wir Analyse-Cookies auf deinem Ger\u00e4t installieren. <strong>Clarity<\/strong> wird erst dann aktiviert, wenn du die Analyse-Cookies \u00fcber unseren Cookie-Hinweis akzeptiert hast. <\/p>\n\n<p>Wenn du keine Analyse-Cookies akzeptierst, wird <strong>Microsoft Clarity<\/strong> nicht aktiviert und es werden keine Informationen \u00fcber dein Verhalten auf unserer Seite gesammelt.<\/p>\n\n<h3 class=\"wp-block-heading\">Wie man Cookies auf Computern verwaltet<\/h3>\n\n<p><br\/>Wenn du die Verwendung von Cookies auf unserer Website zulassen m\u00f6chtest, befolge bitte die unten stehenden Anweisungen:<\/p>\n\n<p><br\/>Google Chrome<\/p>\n\n<p><br\/>Wenn du den Browser \u00f6ffnest, klicke oben auf &#8222;Extras&#8220; und w\u00e4hle die Registerkarte &#8222;Optionen&#8220;.<br\/>Klicke unter &#8222;Optionen&#8220; auf &#8222;Datenschutz&#8220;.<br\/>Setze ein H\u00e4kchen bei &#8222;Cookie-Verwaltung zulassen&#8220;.<br\/>Internet Explorer 6.0, 7.0, 8.0, 9.0<br\/>Wenn du den Browser \u00f6ffnest, klicke oben auf &#8222;Extras&#8220; und w\u00e4hle die Registerkarte &#8222;Optionen&#8220;.<br\/>\u00dcberpr\u00fcfe die Registerkarte &#8222;Datenschutz&#8220;, um sicherzustellen, dass sie auf eine mittlere Sicherheitsstufe oder niedriger eingestellt ist.<br\/>Wenn deine Internet-Einstellungen nicht auf mittel eingestellt sind, werden Cookies blockiert.<\/p>\n\n<p><br\/>Mozilla Firefox<\/p>\n\n<p><br\/>Wenn du den Browser \u00f6ffnest, klicke oben auf &#8222;Extras&#8220; und w\u00e4hle die Registerkarte &#8222;Optionen&#8220;.<br\/>W\u00e4hle das Symbol &#8222;Datenschutz&#8220;.<br\/>Klicke auf &#8222;Cookies&#8220; und markiere &#8222;Cookies zulassen&#8220;.<\/p>\n\n<p>W\u00e4hle das Datenschutzsymbol aus.<br\/>Klicke auf Cookies und setze ein H\u00e4kchen bei: &#8222;Die Installation von Cookies zulassen&#8220;.<\/p>\n\n<p><br\/>Safari<\/p>\n\n<p><br\/>Wenn du den Browser \u00f6ffnest, klicke oben auf &#8222;Werkzeuge&#8220; und w\u00e4hle den Reiter &#8222;Optionen&#8220;.<br\/>Klicke auf den Reiter &#8222;Sicherheit&#8220; und \u00fcberpr\u00fcfe, ob die Option &#8222;Zugriff auf Cookies durch Dritte blockieren&#8220; aktiviert ist.<br\/>Klicke auf &#8222;Speichern&#8220;.<br\/>Cookies auf Mac setzen<br\/>Wenn du einen Mac hast und den Zugriff auf unsere Cookies auf deinem Computer zulassen m\u00f6chtest, befolge bitte die folgenden Anweisungen:<\/p>\n\n<p><br\/>Internet Explorer 5.0 unter OSX<\/p>\n\n<p><br\/>Gehe zu &#8222;Explorer&#8220; und w\u00e4hle &#8222;Einstellungen&#8220; in der Navigationsleiste.<br\/>Scrolle nach unten, bis du &#8222;Cookies&#8220; direkt unter &#8222;Empfangene Dateien&#8220; siehst.<br\/>Setze ein H\u00e4kchen bei &#8222;Nicht mehr nachfragen&#8220;.<br\/>Safari unter OSX<br\/>Gehe zu Safari und w\u00e4hle &#8222;Einstellungen&#8220; in der Navigationsleiste.<br\/>Klicke auf den Reiter &#8222;Sicherheit&#8220; und setze ein H\u00e4kchen bei &#8222;Cookies akzeptieren&#8220;.<br\/>Setze ein H\u00e4kchen bei &#8222;Nur von der aktuellen Website, die ich besuche&#8220;.<\/p>\n\n<p>Mozilla und Netscape auf OSX<\/p>\n\n<p><br\/>Gehe zu &#8218;Mozilla&#8216; oder &#8218;Netscape&#8216; und w\u00e4hle oben in deinem Browser die Option &#8218;Einstellungen&#8216;.<br\/>Scrolle nach unten, bis du &#8218;Cookies&#8216; direkt unter &#8218;Datenschutz und Sicherheit&#8216; siehst.<br\/>Aktiviere die Option &#8218;Cookies nur von der aktuellen Website zulassen&#8216;.<br\/>Opera<br\/>Gehe zu &#8218;Opera&#8216; und w\u00e4hle &#8218;Men\u00fc&#8216; und &#8218;Einstellungen&#8216; in der Navigationsleiste.<br\/>W\u00e4hle &#8218;Einstellungen&#8216; und klicke auf den Reiter &#8218;Erweitert&#8216;.<br\/>Aktiviere die Option &#8218;Cookies akzeptieren&#8216;. Wenn du die Verwendung von Cookies in deinem Browser blockierst, kann es sein, dass einige Dienste oder Funktionen der Website nicht zur Verf\u00fcgung stehen.<br\/>In einigen Browsern kannst du spezielle Regeln zur Verwaltung von Cookies pro Website konfigurieren, was eine genauere Kontrolle \u00fcber den Datenschutz bietet. Das bedeutet, dass du Cookies von allen Websites deaktivieren kannst, au\u00dfer von denen, denen du vertraust.  <\/p>\n\n<p><\/p>\n","protected":false},"excerpt":{"rendered":"<p>Gem\u00e4\u00df den Bestimmungen der Artikel 10 und 11 des Gesetzes 34\/2002 vom 11. Juli \u00fcber die Dienste der Informationsgesellschaft und den elektronischen Handel werden den Nutzern und Besuchern rechtliche Informationen \u00fcber das Unternehmen zur Verf\u00fcgung gestellt, das Eigent\u00fcmer der Website unter der Internetadresse cristalresortzanzibar.com ist. INHABER DER WEBSITE Firmenname: Zanpro Investment LimitedRegistrierungsnummer: Z0000013848.E-mail Adresse: info@cristalresortzanzibar.comTelefon: [&hellip;]<\/p>\n","protected":false},"author":1,"featured_media":0,"parent":0,"menu_order":0,"comment_status":"closed","ping_status":"open","template":"","meta":{"footnotes":""},"class_list":["post-2533","page","type-page","status-publish","hentry"],"_links":{"self":[{"href":"https:\/\/cristalresortzanzibar.com\/de\/wp-json\/wp\/v2\/pages\/2533","targetHints":{"allow":["GET"]}}],"collection":[{"href":"https:\/\/cristalresortzanzibar.com\/de\/wp-json\/wp\/v2\/pages"}],"about":[{"href":"https:\/\/cristalresortzanzibar.com\/de\/wp-json\/wp\/v2\/types\/page"}],"author":[{"embeddable":true,"href":"https:\/\/cristalresortzanzibar.com\/de\/wp-json\/wp\/v2\/users\/1"}],"replies":[{"embeddable":true,"href":"https:\/\/cristalresortzanzibar.com\/de\/wp-json\/wp\/v2\/comments?post=2533"}],"version-history":[{"count":0,"href":"https:\/\/cristalresortzanzibar.com\/de\/wp-json\/wp\/v2\/pages\/2533\/revisions"}],"wp:attachment":[{"href":"https:\/\/cristalresortzanzibar.com\/de\/wp-json\/wp\/v2\/media?parent=2533"}],"curies":[{"name":"wp","href":"https:\/\/api.w.org\/{rel}","templated":true}]}}